{"id":2765,"date":"2023-11-26T10:36:05","date_gmt":"2023-11-26T15:36:05","guid":{"rendered":"https:\/\/www.secretlair.mobileninja.ca\/?page_id=2765"},"modified":"2023-11-26T10:54:35","modified_gmt":"2023-11-26T15:54:35","slug":"about","status":"publish","type":"page","link":"https:\/\/mobileninja.ca\/fr\/about\/","title":{"rendered":"\u00c0 Propos"},"content":{"rendered":"<div data-elementor-type=\"wp-page\" data-elementor-id=\"2765\" class=\"elementor elementor-2765\" data-elementor-post-type=\"page\">\n\t\t\t\t<div class=\"elementor-element elementor-element-3cf6759 e-flex e-con-boxed e-con e-parent\" data-id=\"3cf6759\" data-element_type=\"container\" data-settings=\"{&quot;background_background&quot;:&quot;classic&quot;}\">\n\t\t\t\t\t<div class=\"e-con-inner\">\n\t\t\t\t<div class=\"elementor-element elementor-element-6a1f585 elementor-widget elementor-widget-spacer\" data-id=\"6a1f585\" data-element_type=\"widget\" data-widget_type=\"spacer.default\">\n\t\t\t\t<div class=\"elementor-widget-container\">\n\t\t\t\t\t\t\t<div class=\"elementor-spacer\">\n\t\t\t<div class=\"elementor-spacer-inner\"><\/div>\n\t\t<\/div>\n\t\t\t\t\t\t<\/div>\n\t\t\t\t<\/div>\n\t\t\t\t<div class=\"elementor-element elementor-element-7d1ae0d elementor-widget__width-initial elementor-widget elementor-widget-heading\" data-id=\"7d1ae0d\" data-element_type=\"widget\" data-widget_type=\"heading.default\">\n\t\t\t\t<div class=\"elementor-widget-container\">\n\t\t\t\t\t<h1 class=\"elementor-heading-title elementor-size-default\">Sherbrooke fait confiance \u00e0 MobileNinja pour la r\u00e9paration d'appareil \u00e9lectronique<\/h1>\t\t\t\t<\/div>\n\t\t\t\t<\/div>\n\t\t\t\t<div class=\"elementor-element elementor-element-a4ab239 elementor-widget__width-initial elementor-widget elementor-widget-text-editor\" data-id=\"a4ab239\" data-element_type=\"widget\" data-widget_type=\"text-editor.default\">\n\t\t\t\t<div class=\"elementor-widget-container\">\n\t\t\t\t\t\t\t\t\t<p>MobileNinja est une boutique de r\u00e9paration de t\u00e9l\u00e9phones portables, de tablettes et de consoles de jeux de confiance, situ\u00e9e \u00e0 Sherbrooke, Qu\u00e9bec. Avec notre \u00e9quipe de techniciens qualifi\u00e9s, nous offrons des services de r\u00e9paration fiables pour divers appareils. Nous proposons \u00e9galement des appareils reconditionn\u00e9s de qualit\u00e9 sup\u00e9rieure, des accessoires et le rachat de vos anciens dispositifs. Vivez une exp\u00e9rience de service client exceptionnelle et des r\u00e9parations de qualit\u00e9 chez MobileNinja.<\/p><p>\u00a0<\/p>\t\t\t\t\t\t\t\t<\/div>\n\t\t\t\t<\/div>\n\t\t\t\t<div class=\"elementor-element elementor-element-8ef9577 elementor-widget elementor-widget-spacer\" data-id=\"8ef9577\" data-element_type=\"widget\" data-widget_type=\"spacer.default\">\n\t\t\t\t<div class=\"elementor-widget-container\">\n\t\t\t\t\t\t\t<div class=\"elementor-spacer\">\n\t\t\t<div class=\"elementor-spacer-inner\"><\/div>\n\t\t<\/div>\n\t\t\t\t\t\t<\/div>\n\t\t\t\t<\/div>\n\t\t\t\t<div class=\"elementor-element elementor-element-18886c4 elementor-widget elementor-widget-image\" data-id=\"18886c4\" data-element_type=\"widget\" data-widget_type=\"image.default\">\n\t\t\t\t<div class=\"elementor-widget-container\">\n\t\t\t\t\t\t\t\t\t\t\t\t\t\t\t<img fetchpriority=\"high\" decoding=\"async\" width=\"800\" height=\"288\" src=\"https:\/\/mobileninja.ca\/wp-content\/uploads\/2023\/11\/photo-1603732551681-2e91159b9dc2-1024x368.jpeg\" class=\"attachment-large size-large wp-image-2779\" alt=\"\" srcset=\"https:\/\/mobileninja.ca\/wp-content\/uploads\/2023\/11\/photo-1603732551681-2e91159b9dc2-1024x368.jpeg 1024w, https:\/\/mobileninja.ca\/wp-content\/uploads\/2023\/11\/photo-1603732551681-2e91159b9dc2-300x108.jpeg 300w, https:\/\/mobileninja.ca\/wp-content\/uploads\/2023\/11\/photo-1603732551681-2e91159b9dc2-768x276.jpeg 768w, https:\/\/mobileninja.ca\/wp-content\/uploads\/2023\/11\/photo-1603732551681-2e91159b9dc2.jpeg 1224w\" sizes=\"(max-width: 800px) 100vw, 800px\" \/>\t\t\t\t\t\t\t\t\t\t\t\t\t\t\t<\/div>\n\t\t\t\t<\/div>\n\t\t\t\t<div class=\"elementor-element elementor-element-6df7ae2 elementor-widget elementor-widget-spacer\" data-id=\"6df7ae2\" data-element_type=\"widget\" data-widget_type=\"spacer.default\">\n\t\t\t\t<div class=\"elementor-widget-container\">\n\t\t\t\t\t\t\t<div class=\"elementor-spacer\">\n\t\t\t<div class=\"elementor-spacer-inner\"><\/div>\n\t\t<\/div>\n\t\t\t\t\t\t<\/div>\n\t\t\t\t<\/div>\n\t\t\t\t\t<\/div>\n\t\t\t\t<\/div>\n\t\t<div class=\"elementor-element elementor-element-b17b800 e-flex e-con-boxed e-con e-parent\" data-id=\"b17b800\" data-element_type=\"container\">\n\t\t\t\t\t<div class=\"e-con-inner\">\n\t\t<div class=\"elementor-element elementor-element-f1492a0 e-con-full e-flex e-con e-child\" data-id=\"f1492a0\" data-element_type=\"container\">\n\t\t\t\t<div class=\"elementor-element elementor-element-17404a8 elementor-widget elementor-widget-image\" data-id=\"17404a8\" data-element_type=\"widget\" data-widget_type=\"image.default\">\n\t\t\t\t<div class=\"elementor-widget-container\">\n\t\t\t\t\t\t\t\t\t\t\t\t\t\t\t<img decoding=\"async\" width=\"503\" height=\"560\" src=\"https:\/\/mobileninja.ca\/wp-content\/uploads\/2023\/11\/photo-1576613109753-27804de2cba8.jpeg\" class=\"attachment-large size-large wp-image-2789\" alt=\"\" srcset=\"https:\/\/mobileninja.ca\/wp-content\/uploads\/2023\/11\/photo-1576613109753-27804de2cba8.jpeg 503w, https:\/\/mobileninja.ca\/wp-content\/uploads\/2023\/11\/photo-1576613109753-27804de2cba8-269x300.jpeg 269w\" sizes=\"(max-width: 503px) 100vw, 503px\" \/>\t\t\t\t\t\t\t\t\t\t\t\t\t\t\t<\/div>\n\t\t\t\t<\/div>\n\t\t\t\t<\/div>\n\t\t<div class=\"elementor-element elementor-element-6e3d245 e-con-full e-flex e-con e-child\" data-id=\"6e3d245\" data-element_type=\"container\">\n\t\t\t\t<div class=\"elementor-element elementor-element-44f8c56 elementor-widget__width-initial elementor-widget elementor-widget-heading\" data-id=\"44f8c56\" data-element_type=\"widget\" data-widget_type=\"heading.default\">\n\t\t\t\t<div class=\"elementor-widget-container\">\n\t\t\t\t\t<h2 class=\"elementor-heading-title elementor-size-default\">Contactez nous<\/h2>\t\t\t\t<\/div>\n\t\t\t\t<\/div>\n\t\t\t\t<div class=\"elementor-element elementor-element-7af3cf8 elementor-button-align-start elementor-widget__width-initial elementor-widget elementor-widget-form\" data-id=\"7af3cf8\" data-element_type=\"widget\" data-settings=\"{&quot;step_next_label&quot;:&quot;Next&quot;,&quot;step_previous_label&quot;:&quot;Previous&quot;,&quot;button_width&quot;:&quot;100&quot;,&quot;step_type&quot;:&quot;number_text&quot;,&quot;step_icon_shape&quot;:&quot;circle&quot;}\" data-widget_type=\"form.default\">\n\t\t\t\t<div class=\"elementor-widget-container\">\n\t\t\t\t\t\t\t<form class=\"elementor-form\" method=\"post\" name=\"New Form\" action=\"\">\n\t\t\t<input type=\"hidden\" name=\"post_id\" value=\"2765\"\/>\n\t\t\t<input type=\"hidden\" name=\"form_id\" value=\"7af3cf8\"\/>\n\t\t\t<input type=\"hidden\" name=\"referer_title\" value=\"MobileNinja\" \/>\n\n\t\t\t\n\t\t\t<div class=\"elementor-form-fields-wrapper elementor-labels-above\">\n\t\t\t\t\t\t\t\t<div class=\"elementor-field-type-text elementor-field-group elementor-column elementor-field-group-name elementor-col-100\">\n\t\t\t\t\t\t\t\t\t\t\t\t<label for=\"form-field-name\" class=\"elementor-field-label\">\n\t\t\t\t\t\t\t\tPr\u00e9nom\t\t\t\t\t\t\t<\/label>\n\t\t\t\t\t\t\t\t\t\t\t\t\t\t<input size=\"1\" type=\"text\" name=\"form_fields[name]\" id=\"form-field-name\" class=\"elementor-field elementor-size-sm  elementor-field-textual\" placeholder=\"Votre nom\">\n\t\t\t\t\t\t\t\t\t\t\t<\/div>\n\t\t\t\t\t\t\t\t<div class=\"elementor-field-type-text elementor-field-group elementor-column elementor-field-group-field_c3b20b6 elementor-col-100\">\n\t\t\t\t\t\t\t\t\t\t\t\t<label for=\"form-field-field_c3b20b6\" class=\"elementor-field-label\">\n\t\t\t\t\t\t\t\tNom\t\t\t\t\t\t\t<\/label>\n\t\t\t\t\t\t\t\t\t\t\t\t\t\t<input size=\"1\" type=\"text\" name=\"form_fields[field_c3b20b6]\" id=\"form-field-field_c3b20b6\" class=\"elementor-field elementor-size-sm  elementor-field-textual\" placeholder=\"Your last name\">\n\t\t\t\t\t\t\t\t\t\t\t<\/div>\n\t\t\t\t\t\t\t\t<div class=\"elementor-field-type-email elementor-field-group elementor-column elementor-field-group-email elementor-col-100 elementor-field-required\">\n\t\t\t\t\t\t\t\t\t\t\t\t<label for=\"form-field-email\" class=\"elementor-field-label\">\n\t\t\t\t\t\t\t\tYour email*\t\t\t\t\t\t\t<\/label>\n\t\t\t\t\t\t\t\t\t\t\t\t\t\t<input size=\"1\" type=\"email\" name=\"form_fields[email]\" id=\"form-field-email\" class=\"elementor-field elementor-size-sm  elementor-field-textual\" placeholder=\"Votre Courriel\" required=\"required\">\n\t\t\t\t\t\t\t\t\t\t\t<\/div>\n\t\t\t\t\t\t\t\t<div class=\"elementor-field-type-textarea elementor-field-group elementor-column elementor-field-group-message elementor-col-100\">\n\t\t\t\t\t\t\t\t\t\t\t\t<label for=\"form-field-message\" class=\"elementor-field-label\">\n\t\t\t\t\t\t\t\tMessage\t\t\t\t\t\t\t<\/label>\n\t\t\t\t\t\t<textarea class=\"elementor-field-textual elementor-field  elementor-size-sm\" name=\"form_fields[message]\" id=\"form-field-message\" rows=\"4\" placeholder=\"Description de l&#039;appareil\"><\/textarea>\t\t\t\t<\/div>\n\t\t\t\t\t\t\t\t<div class=\"elementor-field-group elementor-column elementor-field-type-submit elementor-col-100 e-form__buttons\">\n\t\t\t\t\t<button class=\"elementor-button elementor-size-sm\" type=\"submit\">\n\t\t\t\t\t\t<span class=\"elementor-button-content-wrapper\">\n\t\t\t\t\t\t\t\t\t\t\t\t\t\t\t\t\t\t\t\t\t\t<span class=\"elementor-button-text\">Soumettre<\/span>\n\t\t\t\t\t\t\t\t\t\t\t\t\t<\/span>\n\t\t\t\t\t<\/button>\n\t\t\t\t<\/div>\n\t\t\t<\/div>\n\t\t<input type=\"hidden\" name=\"trp-form-language\" value=\"fr\"\/><\/form>\n\t\t\t\t\t\t<\/div>\n\t\t\t\t<\/div>\n\t\t\t\t<\/div>\n\t\t\t\t\t<\/div>\n\t\t\t\t<\/div>\n\t\t<div class=\"elementor-element elementor-element-6a5bdf2 e-flex e-con-boxed e-con e-parent\" data-id=\"6a5bdf2\" data-element_type=\"container\">\n\t\t\t\t\t<div class=\"e-con-inner\">\n\t\t\t\t\t<\/div>\n\t\t\t\t<\/div>\n\t\t\t\t<\/div>","protected":false},"excerpt":{"rendered":"<p>Sherbrooke&#8217;s Trusted MobileNinja for Device Repair Solutions MobileNinja is a trusted mobile phone, tablet, and console repair shop based in Sherbrooke, Qu\u00e9bec. With our team of skilled technicians, we provide reliable repair services for various devices. We also offer premium refurbished devices, accessories, and buybacks for your old devices. Experience exceptional customer service and quality [&hellip;]<\/p>","protected":false},"author":6,"featured_media":0,"parent":0,"menu_order":0,"comment_status":"closed","ping_status":"closed","template":"elementor_header_footer","meta":{"footnotes":""},"class_list":["post-2765","page","type-page","status-publish","hentry"],"yoast_head":"<!-- This site is optimized with the Yoast SEO plugin v22.3 - https:\/\/yoast.com\/wordpress\/plugins\/seo\/ -->\n<title>About | MobileNinja<\/title>\n<meta name=\"robots\" content=\"index, follow, max-snippet:-1, max-image-preview:large, max-video-preview:-1\" \/>\n<link rel=\"canonical\" href=\"https:\/\/mobileninja.ca\/fr\/about\/\" \/>\n<meta property=\"og:locale\" content=\"fr_CA\" \/>\n<meta property=\"og:type\" content=\"article\" \/>\n<meta property=\"og:title\" content=\"About | MobileNinja\" \/>\n<meta property=\"og:description\" content=\"Sherbrooke&#8217;s Trusted MobileNinja for Device Repair Solutions MobileNinja is a trusted mobile phone, tablet, and console repair shop based in Sherbrooke, Qu\u00e9bec. With our team of skilled technicians, we provide reliable repair services for various devices. We also offer premium refurbished devices, accessories, and buybacks for your old devices. Experience exceptional customer service and quality [&hellip;]\" \/>\n<meta property=\"og:url\" content=\"https:\/\/mobileninja.ca\/fr\/about\/\" \/>\n<meta property=\"og:site_name\" content=\"MobileNinja\" \/>\n<meta property=\"article:publisher\" content=\"https:\/\/www.facebook.com\/MobileNinjaQC\/\" \/>\n<meta property=\"article:modified_time\" content=\"2023-11-26T15:54:35+00:00\" \/>\n<meta property=\"og:image\" content=\"https:\/\/www.secretlair.mobileninja.ca\/wp-content\/uploads\/2023\/11\/photo-1603732551681-2e91159b9dc2-1024x368.jpeg\" \/>\n<meta name=\"twitter:card\" content=\"summary_large_image\" \/>\n<script type=\"application\/ld+json\" class=\"yoast-schema-graph\">{\"@context\":\"https:\/\/schema.org\",\"@graph\":[{\"@type\":\"WebPage\",\"@id\":\"https:\/\/mobileninja.ca\/about\/\",\"url\":\"https:\/\/mobileninja.ca\/about\/\",\"name\":\"About | MobileNinja\",\"isPartOf\":{\"@id\":\"https:\/\/mobileninja.ca\/#website\"},\"primaryImageOfPage\":{\"@id\":\"https:\/\/mobileninja.ca\/about\/#primaryimage\"},\"image\":{\"@id\":\"https:\/\/mobileninja.ca\/about\/#primaryimage\"},\"thumbnailUrl\":\"https:\/\/www.secretlair.mobileninja.ca\/wp-content\/uploads\/2023\/11\/photo-1603732551681-2e91159b9dc2-1024x368.jpeg\",\"datePublished\":\"2023-11-26T15:36:05+00:00\",\"dateModified\":\"2023-11-26T15:54:35+00:00\",\"breadcrumb\":{\"@id\":\"https:\/\/mobileninja.ca\/about\/#breadcrumb\"},\"inLanguage\":\"fr-CA\",\"potentialAction\":[{\"@type\":\"ReadAction\",\"target\":[\"https:\/\/mobileninja.ca\/about\/\"]}]},{\"@type\":\"ImageObject\",\"inLanguage\":\"fr-CA\",\"@id\":\"https:\/\/mobileninja.ca\/about\/#primaryimage\",\"url\":\"https:\/\/www.secretlair.mobileninja.ca\/wp-content\/uploads\/2023\/11\/photo-1603732551681-2e91159b9dc2-1024x368.jpeg\",\"contentUrl\":\"https:\/\/www.secretlair.mobileninja.ca\/wp-content\/uploads\/2023\/11\/photo-1603732551681-2e91159b9dc2-1024x368.jpeg\"},{\"@type\":\"BreadcrumbList\",\"@id\":\"https:\/\/mobileninja.ca\/about\/#breadcrumb\",\"itemListElement\":[{\"@type\":\"ListItem\",\"position\":1,\"name\":\"Home\",\"item\":\"https:\/\/mobileninja.ca\/\"},{\"@type\":\"ListItem\",\"position\":2,\"name\":\"About\"}]},{\"@type\":\"WebSite\",\"@id\":\"https:\/\/mobileninja.ca\/#website\",\"url\":\"https:\/\/mobileninja.ca\/\",\"name\":\"MobileNinja\",\"description\":\"R\u00e9paration de t\u00e9l\u00e9phones cellulaire\",\"publisher\":{\"@id\":\"https:\/\/mobileninja.ca\/#organization\"},\"potentialAction\":[{\"@type\":\"SearchAction\",\"target\":{\"@type\":\"EntryPoint\",\"urlTemplate\":\"https:\/\/mobileninja.ca\/?s={search_term_string}\"},\"query-input\":\"required name=search_term_string\"}],\"inLanguage\":\"fr-CA\"},{\"@type\":\"Organization\",\"@id\":\"https:\/\/mobileninja.ca\/#organization\",\"name\":\"MobileNinja Inc.\",\"url\":\"https:\/\/mobileninja.ca\/\",\"logo\":{\"@type\":\"ImageObject\",\"inLanguage\":\"fr-CA\",\"@id\":\"https:\/\/mobileninja.ca\/#\/schema\/logo\/image\/\",\"url\":\"https:\/\/mobileninja.ca\/wp-content\/uploads\/2020\/03\/Artboard-1.svg\",\"contentUrl\":\"https:\/\/mobileninja.ca\/wp-content\/uploads\/2020\/03\/Artboard-1.svg\",\"width\":432,\"height\":432,\"caption\":\"MobileNinja Inc.\"},\"image\":{\"@id\":\"https:\/\/mobileninja.ca\/#\/schema\/logo\/image\/\"},\"sameAs\":[\"https:\/\/www.facebook.com\/MobileNinjaQC\/\",\"https:\/\/www.instagram.com\/mobileninjaqc\/\",\"https:\/\/www.linkedin.com\/company\/9361912\/\",\"https:\/\/www.youtube.com\/channel\/UCRHHZHMGYKCFUrEi6pN1Cig\"]}]}<\/script>\n<!-- \/ Yoast SEO plugin. -->","yoast_head_json":{"title":"About | MobileNinja","robots":{"index":"index","follow":"follow","max-snippet":"max-snippet:-1","max-image-preview":"max-image-preview:large","max-video-preview":"max-video-preview:-1"},"canonical":"https:\/\/mobileninja.ca\/fr\/about\/","og_locale":"fr_CA","og_type":"article","og_title":"About | MobileNinja","og_description":"Sherbrooke&#8217;s Trusted MobileNinja for Device Repair Solutions MobileNinja is a trusted mobile phone, tablet, and console repair shop based in Sherbrooke, Qu\u00e9bec. With our team of skilled technicians, we provide reliable repair services for various devices. We also offer premium refurbished devices, accessories, and buybacks for your old devices. Experience exceptional customer service and quality [&hellip;]","og_url":"https:\/\/mobileninja.ca\/fr\/about\/","og_site_name":"MobileNinja","article_publisher":"https:\/\/www.facebook.com\/MobileNinjaQC\/","article_modified_time":"2023-11-26T15:54:35+00:00","og_image":[{"url":"https:\/\/www.secretlair.mobileninja.ca\/wp-content\/uploads\/2023\/11\/photo-1603732551681-2e91159b9dc2-1024x368.jpeg"}],"twitter_card":"summary_large_image","schema":{"@context":"https:\/\/schema.org","@graph":[{"@type":"WebPage","@id":"https:\/\/mobileninja.ca\/about\/","url":"https:\/\/mobileninja.ca\/about\/","name":"About | MobileNinja","isPartOf":{"@id":"https:\/\/mobileninja.ca\/#website"},"primaryImageOfPage":{"@id":"https:\/\/mobileninja.ca\/about\/#primaryimage"},"image":{"@id":"https:\/\/mobileninja.ca\/about\/#primaryimage"},"thumbnailUrl":"https:\/\/www.secretlair.mobileninja.ca\/wp-content\/uploads\/2023\/11\/photo-1603732551681-2e91159b9dc2-1024x368.jpeg","datePublished":"2023-11-26T15:36:05+00:00","dateModified":"2023-11-26T15:54:35+00:00","breadcrumb":{"@id":"https:\/\/mobileninja.ca\/about\/#breadcrumb"},"inLanguage":"fr-CA","potentialAction":[{"@type":"ReadAction","target":["https:\/\/mobileninja.ca\/about\/"]}]},{"@type":"ImageObject","inLanguage":"fr-CA","@id":"https:\/\/mobileninja.ca\/about\/#primaryimage","url":"https:\/\/www.secretlair.mobileninja.ca\/wp-content\/uploads\/2023\/11\/photo-1603732551681-2e91159b9dc2-1024x368.jpeg","contentUrl":"https:\/\/www.secretlair.mobileninja.ca\/wp-content\/uploads\/2023\/11\/photo-1603732551681-2e91159b9dc2-1024x368.jpeg"},{"@type":"BreadcrumbList","@id":"https:\/\/mobileninja.ca\/about\/#breadcrumb","itemListElement":[{"@type":"ListItem","position":1,"name":"Home","item":"https:\/\/mobileninja.ca\/"},{"@type":"ListItem","position":2,"name":"About"}]},{"@type":"WebSite","@id":"https:\/\/mobileninja.ca\/#website","url":"https:\/\/mobileninja.ca\/","name":"MobileNinja","description":"R\u00e9paration de t\u00e9l\u00e9phones cellulaire","publisher":{"@id":"https:\/\/mobileninja.ca\/#organization"},"potentialAction":[{"@type":"SearchAction","target":{"@type":"EntryPoint","urlTemplate":"https:\/\/mobileninja.ca\/?s={search_term_string}"},"query-input":"required name=search_term_string"}],"inLanguage":"fr-CA"},{"@type":"Organization","@id":"https:\/\/mobileninja.ca\/#organization","name":"MobileNinja Inc.","url":"https:\/\/mobileninja.ca\/","logo":{"@type":"ImageObject","inLanguage":"fr-CA","@id":"https:\/\/mobileninja.ca\/#\/schema\/logo\/image\/","url":"https:\/\/mobileninja.ca\/wp-content\/uploads\/2020\/03\/Artboard-1.svg","contentUrl":"https:\/\/mobileninja.ca\/wp-content\/uploads\/2020\/03\/Artboard-1.svg","width":432,"height":432,"caption":"MobileNinja Inc."},"image":{"@id":"https:\/\/mobileninja.ca\/#\/schema\/logo\/image\/"},"sameAs":["https:\/\/www.facebook.com\/MobileNinjaQC\/","https:\/\/www.instagram.com\/mobileninjaqc\/","https:\/\/www.linkedin.com\/company\/9361912\/","https:\/\/www.youtube.com\/channel\/UCRHHZHMGYKCFUrEi6pN1Cig"]}]}},"_links":{"self":[{"href":"https:\/\/mobileninja.ca\/fr\/wp-json\/wp\/v2\/pages\/2765","targetHints":{"allow":["GET"]}}],"collection":[{"href":"https:\/\/mobileninja.ca\/fr\/wp-json\/wp\/v2\/pages"}],"about":[{"href":"https:\/\/mobileninja.ca\/fr\/wp-json\/wp\/v2\/types\/page"}],"author":[{"embeddable":true,"href":"https:\/\/mobileninja.ca\/fr\/wp-json\/wp\/v2\/users\/6"}],"replies":[{"embeddable":true,"href":"https:\/\/mobileninja.ca\/fr\/wp-json\/wp\/v2\/comments?post=2765"}],"version-history":[{"count":40,"href":"https:\/\/mobileninja.ca\/fr\/wp-json\/wp\/v2\/pages\/2765\/revisions"}],"predecessor-version":[{"id":2808,"href":"https:\/\/mobileninja.ca\/fr\/wp-json\/wp\/v2\/pages\/2765\/revisions\/2808"}],"wp:attachment":[{"href":"https:\/\/mobileninja.ca\/fr\/wp-json\/wp\/v2\/media?parent=2765"}],"curies":[{"name":"wp","href":"https:\/\/api.w.org\/{rel}","templated":true}]}}