{"id":2860,"date":"2023-12-21T07:48:50","date_gmt":"2023-12-21T12:48:50","guid":{"rendered":"https:\/\/www.secretlair.mobileninja.ca\/?page_id=2860"},"modified":"2025-05-28T14:34:12","modified_gmt":"2025-05-28T18:34:12","slug":"repair-estimator","status":"publish","type":"page","link":"https:\/\/mobileninja.ca\/fr\/repair-estimator\/","title":{"rendered":"Estimateur"},"content":{"rendered":"<div data-elementor-type=\"wp-page\" data-elementor-id=\"2860\" class=\"elementor elementor-2860\" data-elementor-post-type=\"page\">\n\t\t\t\t<div class=\"elementor-element elementor-element-c3de960 e-flex e-con-boxed e-con e-parent\" data-id=\"c3de960\" data-element_type=\"container\" data-settings=\"{&quot;background_background&quot;:&quot;gradient&quot;}\">\n\t\t\t\t\t<div class=\"e-con-inner\">\n\t\t\t\t<div class=\"elementor-element elementor-element-357d009 elementor-widget elementor-widget-spacer\" data-id=\"357d009\" data-element_type=\"widget\" data-widget_type=\"spacer.default\">\n\t\t\t\t<div class=\"elementor-widget-container\">\n\t\t\t\t\t\t\t<div class=\"elementor-spacer\">\n\t\t\t<div class=\"elementor-spacer-inner\"><\/div>\n\t\t<\/div>\n\t\t\t\t\t\t<\/div>\n\t\t\t\t<\/div>\n\t\t\t\t<div class=\"elementor-element elementor-element-06171c0 elementor-widget elementor-widget-html\" data-id=\"06171c0\" data-element_type=\"widget\" data-widget_type=\"html.default\">\n\t\t\t\t<div class=\"elementor-widget-container\">\n\t\t\t\t\t<iframe id=\"widget_Cb1oBWop92S0XqtxfwYd\" src=\"https:\/\/widget.repairlift.biz\/widget\/Cb1oBWop92S0XqtxfwYd?BrandName=Mobile%20Ninja\" width=\"100%\" frameborder=\"no\" scrolling=\"no\" allow=\"geolocation\"><\/iframe>\r\n<script>\r\n    const queryString = window.location.search;\r\n    const fullUrl = window.location.href;\r\n    const urlParams = new URLSearchParams(queryString);\r\n    const mod = urlParams.get('model');\r\n    const loc = urlParams.get('location')\r\n    const campaign = urlParams.get('campaign')\r\n    const fbclid = urlParams.get('fbclid')\r\n    const gclid = urlParams.get('gclid')\r\n    const device = urlParams.get('device')\r\n    let string = '';\r\n    let el = window.document.getElementById('widget_Cb1oBWop92S0XqtxfwYd');\r\n    if(mod){\r\n        let dataSrc = el.getAttribute(\"data-src\");\r\n        if(!dataSrc){\r\n            dataSrc = el.getAttribute(\"src\")\r\n            if(loc){\r\n                el.setAttribute('src',dataSrc+'&model='+mod+'&location='+loc)\r\n            } else{\r\n                el.setAttribute('src',dataSrc+'&model='+mod)\r\n            }\r\n        }else{\r\n            if(loc){\r\n                el.setAttribute('data-src',dataSrc+'&model='+mod+'&location='+loc);\r\n            } else{\r\n                el.setAttribute('data-src',dataSrc+'&model='+mod);\r\n            }\r\n        }\r\n    }\r\n    if(campaign) string = string + '&campaign='+campaign;\r\n    if(fbclid) string = string + '&fbclid='+fbclid;\r\n    if(gclid) string = string + '&gclid='+gclid;\r\n    if(device) string = string + '&device='+device;\r\n    if(campaign || fbclid || gclid || device){\r\n        let lastSrc = el.getAttribute(\"data-src\");\r\n        if(!lastSrc) {\r\n            lastSrc = el.getAttribute(\"src\")\r\n            el.setAttribute('src',lastSrc+string);\r\n        }else{\r\n            el.setAttribute('data-src',lastSrc+string);\r\n        }\r\n    }\r\n    if(fullUrl){\r\n        let lastSrc = el.getAttribute(\"data-src\");\r\n        if(!lastSrc) {\r\n            lastSrc = el.getAttribute(\"src\")\r\n            el.setAttribute('src',lastSrc+'&from='+fullUrl);\r\n        }else{\r\n            el.setAttribute('data-src',lastSrc+'&from='+fullUrl);\r\n        }\r\n    }\r\n    window.addEventListener('message', function (e) {\r\n        if (e.data.indexOf('WIDGET_CONTENT_CHANGED') === 0) {\r\n            window.document.getElementById('widget_Cb1oBWop92S0XqtxfwYd').style.height = e.data.split('|')[1];\r\n        }\r\n    }, false);\r\n<\/script>\r\n\t\t\t\t<\/div>\n\t\t\t\t<\/div>\n\t\t\t\t\t<\/div>\n\t\t\t\t<\/div>\n\t\t<div class=\"elementor-element elementor-element-2a08915 e-flex e-con-boxed e-con e-parent\" data-id=\"2a08915\" data-element_type=\"container\">\n\t\t\t\t\t<div class=\"e-con-inner\">\n\t\t<div class=\"elementor-element elementor-element-8b3f99d e-con-full e-flex e-con e-child\" data-id=\"8b3f99d\" data-element_type=\"container\">\n\t\t\t\t<div class=\"elementor-element elementor-element-12c47aa elementor-widget elementor-widget-heading\" data-id=\"12c47aa\" data-element_type=\"widget\" data-widget_type=\"heading.default\">\n\t\t\t\t<div class=\"elementor-widget-container\">\n\t\t\t\t\t<h2 class=\"elementor-heading-title elementor-size-default\">6 \u00e9tapes faciles,<br> moins de 2 minutes.<\/h2>\t\t\t\t<\/div>\n\t\t\t\t<\/div>\n\t\t\t\t<div class=\"elementor-element elementor-element-78c9d51 elementor-widget elementor-widget-text-editor\" data-id=\"78c9d51\" data-element_type=\"widget\" data-widget_type=\"text-editor.default\">\n\t\t\t\t<div class=\"elementor-widget-container\">\n\t\t\t\t\t\t\t\t\t<p>Notre estimateur en ligne ultra-rapide vous donne une estimation du co\u00fbt de la r\u00e9paration de votre t\u00e9l\u00e9phone portable, votre tablette, votre console de jeux, votre ordinateur ou votre Apple Watch en 6 \u00e9tapes simples. Il vous faudra moins de 2 minutes pour obtenir un prix et r\u00e9server un rendez-vous avec l'un de nos experts. Vous pouvez m\u00eame recevoir le devis par e-mail !<\/p>\t\t\t\t\t\t\t\t<\/div>\n\t\t\t\t<\/div>\n\t\t\t\t<div class=\"elementor-element elementor-element-48782d0 elementor-widget elementor-widget-button\" data-id=\"48782d0\" data-element_type=\"widget\" data-widget_type=\"button.default\">\n\t\t\t\t<div class=\"elementor-widget-container\">\n\t\t\t\t\t\t\t\t\t<div class=\"elementor-button-wrapper\">\n\t\t\t\t\t<a class=\"elementor-button elementor-button-link elementor-size-sm\" href=\"#estimator\">\n\t\t\t\t\t\t<span class=\"elementor-button-content-wrapper\">\n\t\t\t\t\t\t\t\t\t<span class=\"elementor-button-text\">ESTIMER MA R\u00c9PARATION<\/span>\n\t\t\t\t\t<\/span>\n\t\t\t\t\t<\/a>\n\t\t\t\t<\/div>\n\t\t\t\t\t\t\t\t<\/div>\n\t\t\t\t<\/div>\n\t\t\t\t<\/div>\n\t\t<div class=\"elementor-element elementor-element-cc5fbed e-con-full e-flex e-con e-child\" data-id=\"cc5fbed\" data-element_type=\"container\">\n\t\t\t\t<div class=\"elementor-element elementor-element-48a4a97 elementor-hidden-mobile elementor-widget elementor-widget-image\" data-id=\"48a4a97\" data-element_type=\"widget\" data-settings=\"{&quot;motion_fx_motion_fx_scrolling&quot;:&quot;yes&quot;,&quot;motion_fx_translateX_effect&quot;:&quot;yes&quot;,&quot;motion_fx_translateX_speed&quot;:{&quot;unit&quot;:&quot;px&quot;,&quot;size&quot;:4,&quot;sizes&quot;:[]},&quot;motion_fx_translateX_affectedRange&quot;:{&quot;unit&quot;:&quot;%&quot;,&quot;size&quot;:&quot;&quot;,&quot;sizes&quot;:{&quot;start&quot;:0,&quot;end&quot;:100}},&quot;motion_fx_devices&quot;:[&quot;desktop&quot;,&quot;tablet&quot;,&quot;mobile&quot;]}\" data-widget_type=\"image.default\">\n\t\t\t\t<div class=\"elementor-widget-container\">\n\t\t\t\t\t\t\t\t\t\t\t\t\t\t\t<img fetchpriority=\"high\" decoding=\"async\" width=\"724\" height=\"1024\" src=\"https:\/\/mobileninja.ca\/wp-content\/uploads\/2020\/10\/treat-1-768x1086-1-724x1024.jpg\" class=\"attachment-large size-large wp-image-2016\" alt=\"\" srcset=\"https:\/\/mobileninja.ca\/wp-content\/uploads\/2020\/10\/treat-1-768x1086-1-724x1024.jpg 724w, https:\/\/mobileninja.ca\/wp-content\/uploads\/2020\/10\/treat-1-768x1086-1-212x300.jpg 212w, https:\/\/mobileninja.ca\/wp-content\/uploads\/2020\/10\/treat-1-768x1086-1-600x848.jpg 600w, https:\/\/mobileninja.ca\/wp-content\/uploads\/2020\/10\/treat-1-768x1086-1.jpg 768w\" sizes=\"(max-width: 724px) 100vw, 724px\" \/>\t\t\t\t\t\t\t\t\t\t\t\t\t\t\t<\/div>\n\t\t\t\t<\/div>\n\t\t\t\t<\/div>\n\t\t\t\t\t<\/div>\n\t\t\t\t<\/div>\n\t\t<div class=\"elementor-element elementor-element-8fd1296 e-flex e-con-boxed e-con e-parent\" data-id=\"8fd1296\" data-element_type=\"container\">\n\t\t\t\t\t<div class=\"e-con-inner\">\n\t\t<div class=\"elementor-element elementor-element-bd22d73 e-con-full e-flex e-con e-child\" data-id=\"bd22d73\" data-element_type=\"container\">\n\t\t\t\t<div class=\"elementor-element elementor-element-43af5ee elementor-widget elementor-widget-heading\" data-id=\"43af5ee\" data-element_type=\"widget\" data-widget_type=\"heading.default\">\n\t\t\t\t<div class=\"elementor-widget-container\">\n\t\t\t\t\t<h2 class=\"elementor-heading-title elementor-size-default\">Vous ne trouvez pas votre mod\u00e8le?<\/h2>\t\t\t\t<\/div>\n\t\t\t\t<\/div>\n\t\t\t\t<div class=\"elementor-element elementor-element-fe8fda0 elementor-widget elementor-widget-text-editor\" data-id=\"fe8fda0\" data-element_type=\"widget\" data-widget_type=\"text-editor.default\">\n\t\t\t\t<div class=\"elementor-widget-container\">\n\t\t\t\t\t\t\t\t\t<p>Ne vous inqui\u00e9tez pas ! Nous r\u00e9parons la plupart des mod\u00e8les de cellulaire ou tablette en fonction de la disponibilit\u00e9 des pi\u00e8ces. Contactez un expert ninja pour en savoir plus.<\/p>\t\t\t\t\t\t\t\t<\/div>\n\t\t\t\t<\/div>\n\t\t\t\t<div class=\"elementor-element elementor-element-e6e627f elementor-widget elementor-widget-button\" data-id=\"e6e627f\" data-element_type=\"widget\" data-widget_type=\"button.default\">\n\t\t\t\t<div class=\"elementor-widget-container\">\n\t\t\t\t\t\t\t\t\t<div class=\"elementor-button-wrapper\">\n\t\t\t\t\t<a class=\"elementor-button elementor-button-link elementor-size-sm\" href=\"https:\/\/mobileninja.ca\/fr\/contact-us\/\">\n\t\t\t\t\t\t<span class=\"elementor-button-content-wrapper\">\n\t\t\t\t\t\t\t\t\t<span class=\"elementor-button-text\">CONTACTEZ-NOUS<\/span>\n\t\t\t\t\t<\/span>\n\t\t\t\t\t<\/a>\n\t\t\t\t<\/div>\n\t\t\t\t\t\t\t\t<\/div>\n\t\t\t\t<\/div>\n\t\t\t\t<\/div>\n\t\t<div class=\"elementor-element elementor-element-8b0c782 e-con-full e-flex e-con e-child\" data-id=\"8b0c782\" data-element_type=\"container\">\n\t\t\t\t<div class=\"elementor-element elementor-element-037158d elementor-hidden-mobile elementor-widget elementor-widget-image\" data-id=\"037158d\" data-element_type=\"widget\" data-widget_type=\"image.default\">\n\t\t\t\t<div class=\"elementor-widget-container\">\n\t\t\t\t\t\t\t\t\t\t\t\t\t\t\t<img decoding=\"async\" width=\"600\" height=\"400\" src=\"https:\/\/mobileninja.ca\/wp-content\/uploads\/2020\/10\/pr-media-iuU2aZdzp_M-unsplash-scaled-600x400-1.jpg\" class=\"attachment-large size-large wp-image-1964\" alt=\"\" srcset=\"https:\/\/mobileninja.ca\/wp-content\/uploads\/2020\/10\/pr-media-iuU2aZdzp_M-unsplash-scaled-600x400-1.jpg 600w, https:\/\/mobileninja.ca\/wp-content\/uploads\/2020\/10\/pr-media-iuU2aZdzp_M-unsplash-scaled-600x400-1-300x200.jpg 300w\" sizes=\"(max-width: 600px) 100vw, 600px\" \/>\t\t\t\t\t\t\t\t\t\t\t\t\t\t\t<\/div>\n\t\t\t\t<\/div>\n\t\t\t\t<\/div>\n\t\t\t\t\t<\/div>\n\t\t\t\t<\/div>\n\t\t\t\t<section class=\"elementor-section elementor-top-section elementor-element elementor-element-5dd5f4d6 elementor-section-stretched elementor-section-height-min-height elementor-section-boxed elementor-section-height-default elementor-section-items-middle\" data-id=\"5dd5f4d6\" data-element_type=\"section\" data-settings=\"{&quot;stretch_section&quot;:&quot;section-stretched&quot;,&quot;background_background&quot;:&quot;gradient&quot;}\">\n\t\t\t\t\t\t<div class=\"elementor-container elementor-column-gap-default\">\n\t\t\t\t\t<div class=\"elementor-column elementor-col-50 elementor-top-column elementor-element elementor-element-622eb189\" data-id=\"622eb189\" data-element_type=\"column\">\n\t\t\t<div class=\"elementor-widget-wrap elementor-element-populated\">\n\t\t\t\t\t\t<div class=\"elementor-element elementor-element-4b3dd8c8 elementor-widget elementor-widget-heading\" data-id=\"4b3dd8c8\" data-element_type=\"widget\" data-widget_type=\"heading.default\">\n\t\t\t\t<div class=\"elementor-widget-container\">\n\t\t\t\t\t<h3 class=\"elementor-heading-title elementor-size-default\">Besoin d'un diagnostique?<\/h3>\t\t\t\t<\/div>\n\t\t\t\t<\/div>\n\t\t\t\t<div class=\"elementor-element elementor-element-3e8a5afc elementor-widget elementor-widget-heading\" data-id=\"3e8a5afc\" data-element_type=\"widget\" data-widget_type=\"heading.default\">\n\t\t\t\t<div class=\"elementor-widget-container\">\n\t\t\t\t\t<h4 class=\"elementor-heading-title elementor-size-default\">Sautez l'\u00e9tape de l'estimateur et prenez rendez-vous d\u00e8s maintenant avec l'un de nos experts !<\/h4>\t\t\t\t<\/div>\n\t\t\t\t<\/div>\n\t\t\t\t\t<\/div>\n\t\t<\/div>\n\t\t\t\t<div class=\"elementor-column elementor-col-50 elementor-top-column elementor-element elementor-element-595cb72\" data-id=\"595cb72\" data-element_type=\"column\">\n\t\t\t<div class=\"elementor-widget-wrap elementor-element-populated\">\n\t\t\t\t\t\t<div class=\"elementor-element elementor-element-55514444 elementor-align-center elementor-widget elementor-widget-button\" data-id=\"55514444\" data-element_type=\"widget\" data-widget_type=\"button.default\">\n\t\t\t\t<div class=\"elementor-widget-container\">\n\t\t\t\t\t\t\t\t\t<div class=\"elementor-button-wrapper\">\n\t\t\t\t\t<a class=\"elementor-button elementor-button-link elementor-size-lg elementor-animation-float\" href=\"https:\/\/mobileninja.ca\/fr\/contact-us\/\">\n\t\t\t\t\t\t<span class=\"elementor-button-content-wrapper\">\n\t\t\t\t\t\t<span class=\"elementor-button-icon\">\n\t\t\t\t<i aria-hidden=\"true\" class=\"fas fa-angle-right\"><\/i>\t\t\t<\/span>\n\t\t\t\t\t\t\t\t\t<span class=\"elementor-button-text\">PRENDRE RENDEZ-VOUS<\/span>\n\t\t\t\t\t<\/span>\n\t\t\t\t\t<\/a>\n\t\t\t\t<\/div>\n\t\t\t\t\t\t\t\t<\/div>\n\t\t\t\t<\/div>\n\t\t\t\t\t<\/div>\n\t\t<\/div>\n\t\t\t\t\t<\/div>\n\t\t<\/section>\n\t\t\t\t<\/div>","protected":false},"excerpt":{"rendered":"<p>6 easy steps, less than 2 minutes Our lightning fast online estimator gives you an estimate of the cost of your cellphone or tablet repair in 6 easy steps. It will take you less than 2 minutes to get a price and to book an appointment with one of our experts. You can even receive [&hellip;]<\/p>","protected":false},"author":6,"featured_media":0,"parent":0,"menu_order":0,"comment_status":"closed","ping_status":"closed","template":"","meta":{"footnotes":""},"class_list":["post-2860","page","type-page","status-publish","hentry"],"yoast_head":"<!-- This site is optimized with the Yoast SEO plugin v22.3 - https:\/\/yoast.com\/wordpress\/plugins\/seo\/ -->\n<title>Online Repair Estimator | 6 easy steps, less than 2 minutes<\/title>\n<meta name=\"description\" content=\"Our lightning fast online estimator gives you an estimate of the cost of your cellphone or tablet repair in 6 easy steps. Get a price now.\" \/>\n<meta name=\"robots\" content=\"index, follow, max-snippet:-1, max-image-preview:large, max-video-preview:-1\" \/>\n<link rel=\"canonical\" href=\"https:\/\/mobileninja.ca\/fr\/repair-estimator\/\" \/>\n<meta property=\"og:locale\" content=\"fr_CA\" \/>\n<meta property=\"og:type\" content=\"article\" \/>\n<meta property=\"og:title\" content=\"Online Repair Estimator | 6 easy steps, less than 2 minutes\" \/>\n<meta property=\"og:description\" content=\"Our lightning fast online estimator gives you an estimate of the cost of your cellphone or tablet repair in 6 easy steps. Get a price now.\" \/>\n<meta property=\"og:url\" content=\"https:\/\/mobileninja.ca\/fr\/repair-estimator\/\" \/>\n<meta property=\"og:site_name\" content=\"MobileNinja\" \/>\n<meta property=\"article:publisher\" content=\"https:\/\/www.facebook.com\/MobileNinjaQC\/\" \/>\n<meta property=\"article:modified_time\" content=\"2025-05-28T18:34:12+00:00\" \/>\n<meta property=\"og:image\" content=\"https:\/\/mobileninja.ca\/wp-content\/uploads\/2020\/10\/treat-1-768x1086-1-724x1024.jpg\" \/>\n<meta name=\"twitter:card\" content=\"summary_large_image\" \/>\n<meta name=\"twitter:label1\" content=\"Est. reading time\" \/>\n\t<meta name=\"twitter:data1\" content=\"1 minute\" \/>\n<script type=\"application\/ld+json\" class=\"yoast-schema-graph\">{\"@context\":\"https:\/\/schema.org\",\"@graph\":[{\"@type\":\"WebPage\",\"@id\":\"https:\/\/mobileninja.ca\/repair-estimator\/\",\"url\":\"https:\/\/mobileninja.ca\/repair-estimator\/\",\"name\":\"Online Repair Estimator | 6 easy steps, less than 2 minutes\",\"isPartOf\":{\"@id\":\"https:\/\/mobileninja.ca\/#website\"},\"primaryImageOfPage\":{\"@id\":\"https:\/\/mobileninja.ca\/repair-estimator\/#primaryimage\"},\"image\":{\"@id\":\"https:\/\/mobileninja.ca\/repair-estimator\/#primaryimage\"},\"thumbnailUrl\":\"https:\/\/mobileninja.ca\/wp-content\/uploads\/2020\/10\/treat-1-768x1086-1-724x1024.jpg\",\"datePublished\":\"2023-12-21T12:48:50+00:00\",\"dateModified\":\"2025-05-28T18:34:12+00:00\",\"description\":\"Our lightning fast online estimator gives you an estimate of the cost of your cellphone or tablet repair in 6 easy steps. Get a price now.\",\"breadcrumb\":{\"@id\":\"https:\/\/mobileninja.ca\/repair-estimator\/#breadcrumb\"},\"inLanguage\":\"fr-CA\",\"potentialAction\":[{\"@type\":\"ReadAction\",\"target\":[\"https:\/\/mobileninja.ca\/repair-estimator\/\"]}]},{\"@type\":\"ImageObject\",\"inLanguage\":\"fr-CA\",\"@id\":\"https:\/\/mobileninja.ca\/repair-estimator\/#primaryimage\",\"url\":\"https:\/\/mobileninja.ca\/wp-content\/uploads\/2020\/10\/treat-1-768x1086-1.jpg\",\"contentUrl\":\"https:\/\/mobileninja.ca\/wp-content\/uploads\/2020\/10\/treat-1-768x1086-1.jpg\",\"width\":768,\"height\":1086},{\"@type\":\"BreadcrumbList\",\"@id\":\"https:\/\/mobileninja.ca\/repair-estimator\/#breadcrumb\",\"itemListElement\":[{\"@type\":\"ListItem\",\"position\":1,\"name\":\"Home\",\"item\":\"https:\/\/mobileninja.ca\/\"},{\"@type\":\"ListItem\",\"position\":2,\"name\":\"Repair Estimator\"}]},{\"@type\":\"WebSite\",\"@id\":\"https:\/\/mobileninja.ca\/#website\",\"url\":\"https:\/\/mobileninja.ca\/\",\"name\":\"MobileNinja\",\"description\":\"R\u00e9paration de t\u00e9l\u00e9phones cellulaire\",\"publisher\":{\"@id\":\"https:\/\/mobileninja.ca\/#organization\"},\"potentialAction\":[{\"@type\":\"SearchAction\",\"target\":{\"@type\":\"EntryPoint\",\"urlTemplate\":\"https:\/\/mobileninja.ca\/?s={search_term_string}\"},\"query-input\":\"required name=search_term_string\"}],\"inLanguage\":\"fr-CA\"},{\"@type\":\"Organization\",\"@id\":\"https:\/\/mobileninja.ca\/#organization\",\"name\":\"MobileNinja Inc.\",\"url\":\"https:\/\/mobileninja.ca\/\",\"logo\":{\"@type\":\"ImageObject\",\"inLanguage\":\"fr-CA\",\"@id\":\"https:\/\/mobileninja.ca\/#\/schema\/logo\/image\/\",\"url\":\"https:\/\/mobileninja.ca\/wp-content\/uploads\/2020\/03\/Artboard-1.svg\",\"contentUrl\":\"https:\/\/mobileninja.ca\/wp-content\/uploads\/2020\/03\/Artboard-1.svg\",\"width\":432,\"height\":432,\"caption\":\"MobileNinja Inc.\"},\"image\":{\"@id\":\"https:\/\/mobileninja.ca\/#\/schema\/logo\/image\/\"},\"sameAs\":[\"https:\/\/www.facebook.com\/MobileNinjaQC\/\",\"https:\/\/www.instagram.com\/mobileninjaqc\/\",\"https:\/\/www.linkedin.com\/company\/9361912\/\",\"https:\/\/www.youtube.com\/channel\/UCRHHZHMGYKCFUrEi6pN1Cig\"]}]}<\/script>\n<!-- \/ Yoast SEO plugin. -->","yoast_head_json":{"title":"Online Repair Estimator | 6 easy steps, less than 2 minutes","description":"Our lightning fast online estimator gives you an estimate of the cost of your cellphone or tablet repair in 6 easy steps. Get a price now.","robots":{"index":"index","follow":"follow","max-snippet":"max-snippet:-1","max-image-preview":"max-image-preview:large","max-video-preview":"max-video-preview:-1"},"canonical":"https:\/\/mobileninja.ca\/fr\/repair-estimator\/","og_locale":"fr_CA","og_type":"article","og_title":"Online Repair Estimator | 6 easy steps, less than 2 minutes","og_description":"Our lightning fast online estimator gives you an estimate of the cost of your cellphone or tablet repair in 6 easy steps. Get a price now.","og_url":"https:\/\/mobileninja.ca\/fr\/repair-estimator\/","og_site_name":"MobileNinja","article_publisher":"https:\/\/www.facebook.com\/MobileNinjaQC\/","article_modified_time":"2025-05-28T18:34:12+00:00","og_image":[{"url":"https:\/\/mobileninja.ca\/wp-content\/uploads\/2020\/10\/treat-1-768x1086-1-724x1024.jpg"}],"twitter_card":"summary_large_image","twitter_misc":{"Est. reading time":"1 minute"},"schema":{"@context":"https:\/\/schema.org","@graph":[{"@type":"WebPage","@id":"https:\/\/mobileninja.ca\/repair-estimator\/","url":"https:\/\/mobileninja.ca\/repair-estimator\/","name":"Online Repair Estimator | 6 easy steps, less than 2 minutes","isPartOf":{"@id":"https:\/\/mobileninja.ca\/#website"},"primaryImageOfPage":{"@id":"https:\/\/mobileninja.ca\/repair-estimator\/#primaryimage"},"image":{"@id":"https:\/\/mobileninja.ca\/repair-estimator\/#primaryimage"},"thumbnailUrl":"https:\/\/mobileninja.ca\/wp-content\/uploads\/2020\/10\/treat-1-768x1086-1-724x1024.jpg","datePublished":"2023-12-21T12:48:50+00:00","dateModified":"2025-05-28T18:34:12+00:00","description":"Our lightning fast online estimator gives you an estimate of the cost of your cellphone or tablet repair in 6 easy steps. Get a price now.","breadcrumb":{"@id":"https:\/\/mobileninja.ca\/repair-estimator\/#breadcrumb"},"inLanguage":"fr-CA","potentialAction":[{"@type":"ReadAction","target":["https:\/\/mobileninja.ca\/repair-estimator\/"]}]},{"@type":"ImageObject","inLanguage":"fr-CA","@id":"https:\/\/mobileninja.ca\/repair-estimator\/#primaryimage","url":"https:\/\/mobileninja.ca\/wp-content\/uploads\/2020\/10\/treat-1-768x1086-1.jpg","contentUrl":"https:\/\/mobileninja.ca\/wp-content\/uploads\/2020\/10\/treat-1-768x1086-1.jpg","width":768,"height":1086},{"@type":"BreadcrumbList","@id":"https:\/\/mobileninja.ca\/repair-estimator\/#breadcrumb","itemListElement":[{"@type":"ListItem","position":1,"name":"Home","item":"https:\/\/mobileninja.ca\/"},{"@type":"ListItem","position":2,"name":"Repair Estimator"}]},{"@type":"WebSite","@id":"https:\/\/mobileninja.ca\/#website","url":"https:\/\/mobileninja.ca\/","name":"MobileNinja","description":"R\u00e9paration de t\u00e9l\u00e9phones cellulaire","publisher":{"@id":"https:\/\/mobileninja.ca\/#organization"},"potentialAction":[{"@type":"SearchAction","target":{"@type":"EntryPoint","urlTemplate":"https:\/\/mobileninja.ca\/?s={search_term_string}"},"query-input":"required name=search_term_string"}],"inLanguage":"fr-CA"},{"@type":"Organization","@id":"https:\/\/mobileninja.ca\/#organization","name":"MobileNinja Inc.","url":"https:\/\/mobileninja.ca\/","logo":{"@type":"ImageObject","inLanguage":"fr-CA","@id":"https:\/\/mobileninja.ca\/#\/schema\/logo\/image\/","url":"https:\/\/mobileninja.ca\/wp-content\/uploads\/2020\/03\/Artboard-1.svg","contentUrl":"https:\/\/mobileninja.ca\/wp-content\/uploads\/2020\/03\/Artboard-1.svg","width":432,"height":432,"caption":"MobileNinja Inc."},"image":{"@id":"https:\/\/mobileninja.ca\/#\/schema\/logo\/image\/"},"sameAs":["https:\/\/www.facebook.com\/MobileNinjaQC\/","https:\/\/www.instagram.com\/mobileninjaqc\/","https:\/\/www.linkedin.com\/company\/9361912\/","https:\/\/www.youtube.com\/channel\/UCRHHZHMGYKCFUrEi6pN1Cig"]}]}},"_links":{"self":[{"href":"https:\/\/mobileninja.ca\/fr\/wp-json\/wp\/v2\/pages\/2860","targetHints":{"allow":["GET"]}}],"collection":[{"href":"https:\/\/mobileninja.ca\/fr\/wp-json\/wp\/v2\/pages"}],"about":[{"href":"https:\/\/mobileninja.ca\/fr\/wp-json\/wp\/v2\/types\/page"}],"author":[{"embeddable":true,"href":"https:\/\/mobileninja.ca\/fr\/wp-json\/wp\/v2\/users\/6"}],"replies":[{"embeddable":true,"href":"https:\/\/mobileninja.ca\/fr\/wp-json\/wp\/v2\/comments?post=2860"}],"version-history":[{"count":31,"href":"https:\/\/mobileninja.ca\/fr\/wp-json\/wp\/v2\/pages\/2860\/revisions"}],"predecessor-version":[{"id":3190,"href":"https:\/\/mobileninja.ca\/fr\/wp-json\/wp\/v2\/pages\/2860\/revisions\/3190"}],"wp:attachment":[{"href":"https:\/\/mobileninja.ca\/fr\/wp-json\/wp\/v2\/media?parent=2860"}],"curies":[{"name":"wp","href":"https:\/\/api.w.org\/{rel}","templated":true}]}}