{"id":3141,"date":"2024-03-22T14:14:33","date_gmt":"2024-03-22T18:14:33","guid":{"rendered":"https:\/\/mobileninja.ca\/?page_id=3141"},"modified":"2024-03-22T14:14:58","modified_gmt":"2024-03-22T18:14:58","slug":"game-console-repair","status":"publish","type":"page","link":"https:\/\/mobileninja.ca\/fr\/device-repair-service\/game-console-repair\/","title":{"rendered":"R\u00e9paration Console de Jeux"},"content":{"rendered":"<div data-elementor-type=\"wp-page\" data-elementor-id=\"3141\" class=\"elementor elementor-3141\" data-elementor-post-type=\"page\">\n\t\t\t\t<div class=\"elementor-element elementor-element-e73ff5a e-flex e-con-boxed e-con e-parent\" data-id=\"e73ff5a\" data-element_type=\"container\" data-settings=\"{&quot;background_background&quot;:&quot;gradient&quot;}\">\n\t\t\t\t\t<div class=\"e-con-inner\">\n\t\t\t\t<div class=\"elementor-element elementor-element-a64ef6d elementor-widget elementor-widget-heading\" data-id=\"a64ef6d\" data-element_type=\"widget\" data-widget_type=\"heading.default\">\n\t\t\t\t<div class=\"elementor-widget-container\">\n\t\t\t\t\t<h1 class=\"elementor-heading-title elementor-size-default\">R\u00e9paration Console de Jeux<\/h1>\t\t\t\t<\/div>\n\t\t\t\t<\/div>\n\t\t\t\t\t<\/div>\n\t\t\t\t<\/div>\n\t\t<div class=\"elementor-element elementor-element-25d0fdc e-flex e-con-boxed e-con e-parent\" data-id=\"25d0fdc\" data-element_type=\"container\">\n\t\t\t\t\t<div class=\"e-con-inner\">\n\t\t<div class=\"elementor-element elementor-element-662bd5a e-con-full e-flex e-con e-child\" data-id=\"662bd5a\" data-element_type=\"container\">\n\t\t\t\t<div class=\"elementor-element elementor-element-88d305b elementor-widget elementor-widget-heading\" data-id=\"88d305b\" data-element_type=\"widget\" data-widget_type=\"heading.default\">\n\t\t\t\t<div class=\"elementor-widget-container\">\n\t\t\t\t\t<h2 class=\"elementor-heading-title elementor-size-default\">Vous souhaitez faire r\u00e9parer votre console? Nous pouvons vous aider.<\/h2>\t\t\t\t<\/div>\n\t\t\t\t<\/div>\n\t\t\t\t<div class=\"elementor-element elementor-element-8b39688 elementor-icon-list--layout-traditional elementor-list-item-link-full_width elementor-widget elementor-widget-icon-list\" data-id=\"8b39688\" data-element_type=\"widget\" data-widget_type=\"icon-list.default\">\n\t\t\t\t<div class=\"elementor-widget-container\">\n\t\t\t\t\t\t\t<ul class=\"elementor-icon-list-items\">\n\t\t\t\t\t\t\t<li class=\"elementor-icon-list-item\">\n\t\t\t\t\t\t\t\t\t\t\t<span class=\"elementor-icon-list-icon\">\n\t\t\t\t\t\t\t<i aria-hidden=\"true\" class=\"fas fa-check\"><\/i>\t\t\t\t\t\t<\/span>\n\t\t\t\t\t\t\t\t\t\t<span class=\"elementor-icon-list-text\">R\u00e9paration rapide<\/span>\n\t\t\t\t\t\t\t\t\t<\/li>\n\t\t\t\t\t\t\t\t<li class=\"elementor-icon-list-item\">\n\t\t\t\t\t\t\t\t\t\t\t<span class=\"elementor-icon-list-icon\">\n\t\t\t\t\t\t\t<i aria-hidden=\"true\" class=\"fas fa-check\"><\/i>\t\t\t\t\t\t<\/span>\n\t\t\t\t\t\t\t\t\t\t<span class=\"elementor-icon-list-text\">Techniciens certifi\u00e9s<\/span>\n\t\t\t\t\t\t\t\t\t<\/li>\n\t\t\t\t\t\t\t\t<li class=\"elementor-icon-list-item\">\n\t\t\t\t\t\t\t\t\t\t\t<span class=\"elementor-icon-list-icon\">\n\t\t\t\t\t\t\t<i aria-hidden=\"true\" class=\"fas fa-check\"><\/i>\t\t\t\t\t\t<\/span>\n\t\t\t\t\t\t\t\t\t\t<span class=\"elementor-icon-list-text\">Prix comp\u00e9titifs<\/span>\n\t\t\t\t\t\t\t\t\t<\/li>\n\t\t\t\t\t\t\t\t<li class=\"elementor-icon-list-item\">\n\t\t\t\t\t\t\t\t\t\t\t<span class=\"elementor-icon-list-icon\">\n\t\t\t\t\t\t\t<i aria-hidden=\"true\" class=\"fas fa-check\"><\/i>\t\t\t\t\t\t<\/span>\n\t\t\t\t\t\t\t\t\t\t<span class=\"elementor-icon-list-text\">Estimation GRATUITE<\/span>\n\t\t\t\t\t\t\t\t\t<\/li>\n\t\t\t\t\t\t<\/ul>\n\t\t\t\t\t\t<\/div>\n\t\t\t\t<\/div>\n\t\t\t\t<div class=\"elementor-element elementor-element-a5e9f6d elementor-widget elementor-widget-text-editor\" data-id=\"a5e9f6d\" data-element_type=\"widget\" data-widget_type=\"text-editor.default\">\n\t\t\t\t<div class=\"elementor-widget-container\">\n\t\t\t\t\t\t\t\t\t<p>Vous souhaitez faire r\u00e9parer votre console? Nous sommes les sp\u00e9cialistes en r\u00e9paration de console de jeux vid\u00e9o.<\/p><p>\u00a0<\/p><p>Nous r\u00e9parons toutes sortes de consoles comme les <strong>Xbox<\/strong>, <strong>PS4<\/strong>, <strong>Nintendo Switch<\/strong>, et bien d\u2019autres.<\/p><p>\u00a0<\/p><p>Nous sommes les r\u00e9parateurs de consoles de jeux vid\u00e9o en Estrie. Situ\u00e9 pr\u00e8s du centre-ville de Sherbrooke, nous desservons aussi Rock Forest, Lennoxville, Magog, Deauville et plusieurs autres villes et secteurs dans les Cantons de l\u2019Est.<\/p>\t\t\t\t\t\t\t\t<\/div>\n\t\t\t\t<\/div>\n\t\t\t\t<div class=\"elementor-element elementor-element-9d1b348 elementor-widget elementor-widget-button\" data-id=\"9d1b348\" data-element_type=\"widget\" data-widget_type=\"button.default\">\n\t\t\t\t<div class=\"elementor-widget-container\">\n\t\t\t\t\t\t\t\t\t<div class=\"elementor-button-wrapper\">\n\t\t\t\t\t<a class=\"elementor-button elementor-button-link elementor-size-sm\" href=\"https:\/\/mobileninja.ca\/fr\/repair-estimator\/\">\n\t\t\t\t\t\t<span class=\"elementor-button-content-wrapper\">\n\t\t\t\t\t\t<span class=\"elementor-button-icon\">\n\t\t\t\t<i aria-hidden=\"true\" class=\"fas fa-angle-right\"><\/i>\t\t\t<\/span>\n\t\t\t\t\t\t\t\t\t<span class=\"elementor-button-text\">Estimation gratuite<\/span>\n\t\t\t\t\t<\/span>\n\t\t\t\t\t<\/a>\n\t\t\t\t<\/div>\n\t\t\t\t\t\t\t\t<\/div>\n\t\t\t\t<\/div>\n\t\t\t\t<\/div>\n\t\t<div class=\"elementor-element elementor-element-f46d816 e-con-full e-flex e-con e-child\" data-id=\"f46d816\" data-element_type=\"container\">\n\t\t\t\t<div class=\"elementor-element elementor-element-51663b9 elementor-absolute elementor-widget elementor-widget-image\" data-id=\"51663b9\" data-element_type=\"widget\" data-settings=\"{&quot;_position&quot;:&quot;absolute&quot;,&quot;motion_fx_motion_fx_scrolling&quot;:&quot;yes&quot;,&quot;motion_fx_translateY_effect&quot;:&quot;yes&quot;,&quot;motion_fx_translateY_speed&quot;:{&quot;unit&quot;:&quot;px&quot;,&quot;size&quot;:4,&quot;sizes&quot;:[]},&quot;motion_fx_translateY_affectedRange&quot;:{&quot;unit&quot;:&quot;%&quot;,&quot;size&quot;:&quot;&quot;,&quot;sizes&quot;:{&quot;start&quot;:0,&quot;end&quot;:100}},&quot;motion_fx_devices&quot;:[&quot;desktop&quot;,&quot;tablet&quot;,&quot;mobile&quot;]}\" data-widget_type=\"image.default\">\n\t\t\t\t<div class=\"elementor-widget-container\">\n\t\t\t\t\t\t\t\t\t\t\t\t\t\t\t<img fetchpriority=\"high\" decoding=\"async\" width=\"800\" height=\"558\" src=\"https:\/\/mobileninja.ca\/wp-content\/uploads\/2024\/03\/NES-Console-Set2-1.png\" class=\"attachment-large size-large wp-image-3143\" alt=\"\" srcset=\"https:\/\/mobileninja.ca\/wp-content\/uploads\/2024\/03\/NES-Console-Set2-1.png 1000w, https:\/\/mobileninja.ca\/wp-content\/uploads\/2024\/03\/NES-Console-Set2-1-300x209.png 300w, https:\/\/mobileninja.ca\/wp-content\/uploads\/2024\/03\/NES-Console-Set2-1-768x535.png 768w, https:\/\/mobileninja.ca\/wp-content\/uploads\/2024\/03\/NES-Console-Set2-1-18x12.png 18w\" sizes=\"(max-width: 800px) 100vw, 800px\" \/>\t\t\t\t\t\t\t\t\t\t\t\t\t\t\t<\/div>\n\t\t\t\t<\/div>\n\t\t\t\t<\/div>\n\t\t\t\t\t<\/div>\n\t\t\t\t<\/div>\n\t\t\t\t<section class=\"elementor-section elementor-top-section elementor-element elementor-element-31558ffc elementor-section-stretched elementor-section-full_width elementor-reverse-mobile elementor-section-height-default elementor-section-height-default\" data-id=\"31558ffc\" data-element_type=\"section\" data-settings=\"{&quot;stretch_section&quot;:&quot;section-stretched&quot;}\">\n\t\t\t\t\t\t<div class=\"elementor-container elementor-column-gap-default\">\n\t\t\t\t\t<div class=\"elementor-column elementor-col-50 elementor-top-column elementor-element elementor-element-4f19d56c\" data-id=\"4f19d56c\" data-element_type=\"column\">\n\t\t\t<div class=\"elementor-widget-wrap elementor-element-populated\">\n\t\t\t\t\t\t<div class=\"elementor-element elementor-element-3d4f8214 elementor-hidden-phone elementor-widget elementor-widget-image\" data-id=\"3d4f8214\" data-element_type=\"widget\" data-settings=\"{&quot;motion_fx_motion_fx_scrolling&quot;:&quot;yes&quot;,&quot;motion_fx_translateX_effect&quot;:&quot;yes&quot;,&quot;motion_fx_translateX_direction&quot;:&quot;negative&quot;,&quot;motion_fx_translateX_affectedRange&quot;:{&quot;unit&quot;:&quot;%&quot;,&quot;size&quot;:&quot;&quot;,&quot;sizes&quot;:{&quot;start&quot;:0,&quot;end&quot;:50}},&quot;motion_fx_devices&quot;:[&quot;desktop&quot;],&quot;motion_fx_translateX_speed&quot;:{&quot;unit&quot;:&quot;px&quot;,&quot;size&quot;:4,&quot;sizes&quot;:[]}}\" data-widget_type=\"image.default\">\n\t\t\t\t<div class=\"elementor-widget-container\">\n\t\t\t\t\t\t\t\t\t\t\t\t\t\t\t<img decoding=\"async\" src=\"https:\/\/mobileninja.ca\/wp-content\/uploads\/elementor\/thumbs\/blaz-erzetic-rP30_20fDpw-unsplash-scaled-onah9h7eui1p80zzwbkt6177n259naxjmipfwxr81y.jpg\" title=\"Photo by Blaz Erzetic on Unsplash\" alt=\"Photo by Blaz Erzetic on Unsplash\" loading=\"lazy\" \/>\t\t\t\t\t\t\t\t\t\t\t\t\t\t\t<\/div>\n\t\t\t\t<\/div>\n\t\t\t\t<div class=\"elementor-element elementor-element-31052c8c elementor-view-stacked elementor-hidden-tablet elementor-hidden-phone elementor-shape-circle elementor-widget elementor-widget-icon\" data-id=\"31052c8c\" data-element_type=\"widget\" data-settings=\"{&quot;motion_fx_motion_fx_scrolling&quot;:&quot;yes&quot;,&quot;motion_fx_translateX_effect&quot;:&quot;yes&quot;,&quot;motion_fx_translateX_direction&quot;:&quot;negative&quot;,&quot;motion_fx_translateX_affectedRange&quot;:{&quot;unit&quot;:&quot;%&quot;,&quot;size&quot;:&quot;&quot;,&quot;sizes&quot;:{&quot;start&quot;:0,&quot;end&quot;:79}},&quot;motion_fx_devices&quot;:[&quot;desktop&quot;],&quot;motion_fx_translateX_speed&quot;:{&quot;unit&quot;:&quot;px&quot;,&quot;size&quot;:4,&quot;sizes&quot;:[]}}\" data-widget_type=\"icon.default\">\n\t\t\t\t<div class=\"elementor-widget-container\">\n\t\t\t\t\t\t\t<div class=\"elementor-icon-wrapper\">\n\t\t\t<div class=\"elementor-icon\">\n\t\t\t<i aria-hidden=\"true\" class=\"fas fa-tools\"><\/i>\t\t\t<\/div>\n\t\t<\/div>\n\t\t\t\t\t\t<\/div>\n\t\t\t\t<\/div>\n\t\t\t\t\t<\/div>\n\t\t<\/div>\n\t\t\t\t<div class=\"elementor-column elementor-col-50 elementor-top-column elementor-element elementor-element-5bd6fcd0\" data-id=\"5bd6fcd0\" data-element_type=\"column\">\n\t\t\t<div class=\"elementor-widget-wrap elementor-element-populated\">\n\t\t\t\t\t\t<div class=\"elementor-element elementor-element-1c93e722 animated-fast elementor-invisible elementor-widget elementor-widget-heading\" data-id=\"1c93e722\" data-element_type=\"widget\" data-settings=\"{&quot;_animation&quot;:&quot;fadeInUp&quot;}\" data-widget_type=\"heading.default\">\n\t\t\t\t<div class=\"elementor-widget-container\">\n\t\t\t\t\t<h2 class=\"elementor-heading-title elementor-size-default\">Des pi\u00e8ces de qualit\u00e9s<\/h2>\t\t\t\t<\/div>\n\t\t\t\t<\/div>\n\t\t\t\t<div class=\"elementor-element elementor-element-3e3ae8f1 elementor-widget elementor-widget-text-editor\" data-id=\"3e3ae8f1\" data-element_type=\"widget\" data-widget_type=\"text-editor.default\">\n\t\t\t\t<div class=\"elementor-widget-container\">\n\t\t\t\t\t\t\t\t\t<p>M\u00e9fiez-vous des contrefa\u00e7ons ! Nous croyons que la fiabilit\u00e9 et la qualit\u00e9 ne devraient jamais \u00eatre sacrifi\u00e9es. Ainsi, toutes nos pi\u00e8ces sont de premi\u00e8re qualit\u00e9, garantissant que vous b\u00e9n\u00e9ficiez de la m\u00eame exp\u00e9rience incroyable avec votre console de jeux que s'il venait tout juste de sortir de la bo\u00eete.<\/p>\t\t\t\t\t\t\t\t<\/div>\n\t\t\t\t<\/div>\n\t\t\t\t\t<\/div>\n\t\t<\/div>\n\t\t\t\t\t<\/div>\n\t\t<\/section>\n\t\t\t\t<section class=\"elementor-section elementor-top-section elementor-element elementor-element-24441ad3 elementor-section-stretched elementor-section-height-min-height elementor-section-boxed elementor-section-height-default elementor-section-items-middle\" data-id=\"24441ad3\" data-element_type=\"section\" data-settings=\"{&quot;stretch_section&quot;:&quot;section-stretched&quot;,&quot;background_background&quot;:&quot;gradient&quot;}\">\n\t\t\t\t\t\t<div class=\"elementor-container elementor-column-gap-default\">\n\t\t\t\t\t<div class=\"elementor-column elementor-col-50 elementor-top-column elementor-element elementor-element-78df6dd4\" data-id=\"78df6dd4\" data-element_type=\"column\">\n\t\t\t<div class=\"elementor-widget-wrap elementor-element-populated\">\n\t\t\t\t\t\t<div class=\"elementor-element elementor-element-27f17848 elementor-widget elementor-widget-heading\" data-id=\"27f17848\" data-element_type=\"widget\" data-widget_type=\"heading.default\">\n\t\t\t\t<div class=\"elementor-widget-container\">\n\t\t\t\t\t<h3 class=\"elementor-heading-title elementor-size-default\">Obtenez un estim\u00e9 pour votre r\u00e9paration!<\/h3>\t\t\t\t<\/div>\n\t\t\t\t<\/div>\n\t\t\t\t<div class=\"elementor-element elementor-element-629fa411 elementor-widget elementor-widget-heading\" data-id=\"629fa411\" data-element_type=\"widget\" data-widget_type=\"heading.default\">\n\t\t\t\t<div class=\"elementor-widget-container\">\n\t\t\t\t\t<h4 class=\"elementor-heading-title elementor-size-default\">En moins de 2 minutes avec notre estimateur en ligne!<\/h4>\t\t\t\t<\/div>\n\t\t\t\t<\/div>\n\t\t\t\t\t<\/div>\n\t\t<\/div>\n\t\t\t\t<div class=\"elementor-column elementor-col-50 elementor-top-column elementor-element elementor-element-2c7f374f\" data-id=\"2c7f374f\" data-element_type=\"column\">\n\t\t\t<div class=\"elementor-widget-wrap elementor-element-populated\">\n\t\t\t\t\t\t<div class=\"elementor-element elementor-element-5add8f12 elementor-align-center elementor-widget elementor-widget-button\" data-id=\"5add8f12\" data-element_type=\"widget\" data-widget_type=\"button.default\">\n\t\t\t\t<div class=\"elementor-widget-container\">\n\t\t\t\t\t\t\t\t\t<div class=\"elementor-button-wrapper\">\n\t\t\t\t\t<a class=\"elementor-button elementor-button-link elementor-size-lg elementor-animation-float\" href=\"https:\/\/mobileninja.ca\/fr\/repair-estimator\/\">\n\t\t\t\t\t\t<span class=\"elementor-button-content-wrapper\">\n\t\t\t\t\t\t<span class=\"elementor-button-icon\">\n\t\t\t\t<i aria-hidden=\"true\" class=\"fas fa-angle-right\"><\/i>\t\t\t<\/span>\n\t\t\t\t\t\t\t\t\t<span class=\"elementor-button-text\">Estimation gratuite<\/span>\n\t\t\t\t\t<\/span>\n\t\t\t\t\t<\/a>\n\t\t\t\t<\/div>\n\t\t\t\t\t\t\t\t<\/div>\n\t\t\t\t<\/div>\n\t\t\t\t\t<\/div>\n\t\t<\/div>\n\t\t\t\t\t<\/div>\n\t\t<\/section>\n\t\t\t\t<\/div>","protected":false},"excerpt":{"rendered":"<p>Game Console Repair Need your console repaired? We can help. Fast service Certified technicians Competitive prices FREE estimate Looking to have your console repaired? We specialize in video game console repairs. \u00a0 We fix all kinds of consoles like Xbox, PS4, Nintendo Switch, and many others. \u00a0 We&#8217;re the video game console repair specialists in [&hellip;]<\/p>","protected":false},"author":6,"featured_media":3121,"parent":74,"menu_order":0,"comment_status":"closed","ping_status":"closed","template":"","meta":{"footnotes":""},"class_list":["post-3141","page","type-page","status-publish","has-post-thumbnail","hentry"],"yoast_head":"<!-- This site is optimized with the Yoast SEO plugin v22.3 - https:\/\/yoast.com\/wordpress\/plugins\/seo\/ -->\n<title>Game Console Repairs in Sherbrooke | Mobile Ninja<\/title>\n<meta name=\"description\" content=\"Trust MobileNinja Sherbrooke for your Game Console repair. Certified experts, speedy repairs, 100-day warranty. Restore your console now\" \/>\n<meta name=\"robots\" content=\"index, follow, max-snippet:-1, max-image-preview:large, max-video-preview:-1\" \/>\n<link rel=\"canonical\" href=\"https:\/\/mobileninja.ca\/fr\/device-repair-service\/game-console-repair\/\" \/>\n<meta property=\"og:locale\" content=\"fr_CA\" \/>\n<meta property=\"og:type\" content=\"article\" \/>\n<meta property=\"og:title\" content=\"Game Console Repairs in Sherbrooke | Mobile Ninja\" \/>\n<meta property=\"og:description\" content=\"Trust MobileNinja Sherbrooke for your Game Console repair. Certified experts, speedy repairs, 100-day warranty. Restore your console now\" \/>\n<meta property=\"og:url\" content=\"https:\/\/mobileninja.ca\/fr\/device-repair-service\/game-console-repair\/\" \/>\n<meta property=\"og:site_name\" content=\"MobileNinja\" \/>\n<meta property=\"article:publisher\" content=\"https:\/\/www.facebook.com\/MobileNinjaQC\/\" \/>\n<meta property=\"article:modified_time\" content=\"2024-03-22T18:14:58+00:00\" \/>\n<meta property=\"og:image\" content=\"https:\/\/mobileninja.ca\/wp-content\/uploads\/2024\/02\/xbox.webp\" \/>\n\t<meta property=\"og:image:width\" content=\"612\" \/>\n\t<meta property=\"og:image:height\" content=\"612\" \/>\n\t<meta property=\"og:image:type\" content=\"image\/webp\" \/>\n<meta name=\"twitter:card\" content=\"summary_large_image\" \/>\n<meta name=\"twitter:label1\" content=\"Est. reading time\" \/>\n\t<meta name=\"twitter:data1\" content=\"2 minutes\" \/>\n<script type=\"application\/ld+json\" class=\"yoast-schema-graph\">{\"@context\":\"https:\/\/schema.org\",\"@graph\":[{\"@type\":\"WebPage\",\"@id\":\"https:\/\/mobileninja.ca\/device-repair-service\/game-console-repair\/\",\"url\":\"https:\/\/mobileninja.ca\/device-repair-service\/game-console-repair\/\",\"name\":\"Game Console Repairs in Sherbrooke | Mobile Ninja\",\"isPartOf\":{\"@id\":\"https:\/\/mobileninja.ca\/#website\"},\"primaryImageOfPage\":{\"@id\":\"https:\/\/mobileninja.ca\/device-repair-service\/game-console-repair\/#primaryimage\"},\"image\":{\"@id\":\"https:\/\/mobileninja.ca\/device-repair-service\/game-console-repair\/#primaryimage\"},\"thumbnailUrl\":\"https:\/\/mobileninja.ca\/wp-content\/uploads\/2024\/02\/xbox.webp\",\"datePublished\":\"2024-03-22T18:14:33+00:00\",\"dateModified\":\"2024-03-22T18:14:58+00:00\",\"description\":\"Trust MobileNinja Sherbrooke for your Game Console repair. Certified experts, speedy repairs, 100-day warranty. Restore your console now\",\"breadcrumb\":{\"@id\":\"https:\/\/mobileninja.ca\/device-repair-service\/game-console-repair\/#breadcrumb\"},\"inLanguage\":\"fr-CA\",\"potentialAction\":[{\"@type\":\"ReadAction\",\"target\":[\"https:\/\/mobileninja.ca\/device-repair-service\/game-console-repair\/\"]}]},{\"@type\":\"ImageObject\",\"inLanguage\":\"fr-CA\",\"@id\":\"https:\/\/mobileninja.ca\/device-repair-service\/game-console-repair\/#primaryimage\",\"url\":\"https:\/\/mobileninja.ca\/wp-content\/uploads\/2024\/02\/xbox.webp\",\"contentUrl\":\"https:\/\/mobileninja.ca\/wp-content\/uploads\/2024\/02\/xbox.webp\",\"width\":612,\"height\":612},{\"@type\":\"BreadcrumbList\",\"@id\":\"https:\/\/mobileninja.ca\/device-repair-service\/game-console-repair\/#breadcrumb\",\"itemListElement\":[{\"@type\":\"ListItem\",\"position\":1,\"name\":\"Home\",\"item\":\"https:\/\/mobileninja.ca\/\"},{\"@type\":\"ListItem\",\"position\":2,\"name\":\"Repair Service\",\"item\":\"https:\/\/mobileninja.ca\/device-repair-service\/\"},{\"@type\":\"ListItem\",\"position\":3,\"name\":\"Game Console Repair\"}]},{\"@type\":\"WebSite\",\"@id\":\"https:\/\/mobileninja.ca\/#website\",\"url\":\"https:\/\/mobileninja.ca\/\",\"name\":\"MobileNinja\",\"description\":\"R\u00e9paration de t\u00e9l\u00e9phones cellulaire\",\"publisher\":{\"@id\":\"https:\/\/mobileninja.ca\/#organization\"},\"potentialAction\":[{\"@type\":\"SearchAction\",\"target\":{\"@type\":\"EntryPoint\",\"urlTemplate\":\"https:\/\/mobileninja.ca\/?s={search_term_string}\"},\"query-input\":\"required name=search_term_string\"}],\"inLanguage\":\"fr-CA\"},{\"@type\":\"Organization\",\"@id\":\"https:\/\/mobileninja.ca\/#organization\",\"name\":\"MobileNinja Inc.\",\"url\":\"https:\/\/mobileninja.ca\/\",\"logo\":{\"@type\":\"ImageObject\",\"inLanguage\":\"fr-CA\",\"@id\":\"https:\/\/mobileninja.ca\/#\/schema\/logo\/image\/\",\"url\":\"https:\/\/mobileninja.ca\/wp-content\/uploads\/2020\/03\/Artboard-1.svg\",\"contentUrl\":\"https:\/\/mobileninja.ca\/wp-content\/uploads\/2020\/03\/Artboard-1.svg\",\"width\":432,\"height\":432,\"caption\":\"MobileNinja Inc.\"},\"image\":{\"@id\":\"https:\/\/mobileninja.ca\/#\/schema\/logo\/image\/\"},\"sameAs\":[\"https:\/\/www.facebook.com\/MobileNinjaQC\/\",\"https:\/\/www.instagram.com\/mobileninjaqc\/\",\"https:\/\/www.linkedin.com\/company\/9361912\/\",\"https:\/\/www.youtube.com\/channel\/UCRHHZHMGYKCFUrEi6pN1Cig\"]}]}<\/script>\n<!-- \/ Yoast SEO plugin. -->","yoast_head_json":{"title":"Game Console Repairs in Sherbrooke | Mobile Ninja","description":"Trust MobileNinja Sherbrooke for your Game Console repair. Certified experts, speedy repairs, 100-day warranty. Restore your console now","robots":{"index":"index","follow":"follow","max-snippet":"max-snippet:-1","max-image-preview":"max-image-preview:large","max-video-preview":"max-video-preview:-1"},"canonical":"https:\/\/mobileninja.ca\/fr\/device-repair-service\/game-console-repair\/","og_locale":"fr_CA","og_type":"article","og_title":"Game Console Repairs in Sherbrooke | Mobile Ninja","og_description":"Trust MobileNinja Sherbrooke for your Game Console repair. Certified experts, speedy repairs, 100-day warranty. Restore your console now","og_url":"https:\/\/mobileninja.ca\/fr\/device-repair-service\/game-console-repair\/","og_site_name":"MobileNinja","article_publisher":"https:\/\/www.facebook.com\/MobileNinjaQC\/","article_modified_time":"2024-03-22T18:14:58+00:00","og_image":[{"width":612,"height":612,"url":"https:\/\/mobileninja.ca\/wp-content\/uploads\/2024\/02\/xbox.webp","type":"image\/webp"}],"twitter_card":"summary_large_image","twitter_misc":{"Est. reading time":"2 minutes"},"schema":{"@context":"https:\/\/schema.org","@graph":[{"@type":"WebPage","@id":"https:\/\/mobileninja.ca\/device-repair-service\/game-console-repair\/","url":"https:\/\/mobileninja.ca\/device-repair-service\/game-console-repair\/","name":"Game Console Repairs in Sherbrooke | Mobile Ninja","isPartOf":{"@id":"https:\/\/mobileninja.ca\/#website"},"primaryImageOfPage":{"@id":"https:\/\/mobileninja.ca\/device-repair-service\/game-console-repair\/#primaryimage"},"image":{"@id":"https:\/\/mobileninja.ca\/device-repair-service\/game-console-repair\/#primaryimage"},"thumbnailUrl":"https:\/\/mobileninja.ca\/wp-content\/uploads\/2024\/02\/xbox.webp","datePublished":"2024-03-22T18:14:33+00:00","dateModified":"2024-03-22T18:14:58+00:00","description":"Trust MobileNinja Sherbrooke for your Game Console repair. Certified experts, speedy repairs, 100-day warranty. Restore your console now","breadcrumb":{"@id":"https:\/\/mobileninja.ca\/device-repair-service\/game-console-repair\/#breadcrumb"},"inLanguage":"fr-CA","potentialAction":[{"@type":"ReadAction","target":["https:\/\/mobileninja.ca\/device-repair-service\/game-console-repair\/"]}]},{"@type":"ImageObject","inLanguage":"fr-CA","@id":"https:\/\/mobileninja.ca\/device-repair-service\/game-console-repair\/#primaryimage","url":"https:\/\/mobileninja.ca\/wp-content\/uploads\/2024\/02\/xbox.webp","contentUrl":"https:\/\/mobileninja.ca\/wp-content\/uploads\/2024\/02\/xbox.webp","width":612,"height":612},{"@type":"BreadcrumbList","@id":"https:\/\/mobileninja.ca\/device-repair-service\/game-console-repair\/#breadcrumb","itemListElement":[{"@type":"ListItem","position":1,"name":"Home","item":"https:\/\/mobileninja.ca\/"},{"@type":"ListItem","position":2,"name":"Repair Service","item":"https:\/\/mobileninja.ca\/device-repair-service\/"},{"@type":"ListItem","position":3,"name":"Game Console Repair"}]},{"@type":"WebSite","@id":"https:\/\/mobileninja.ca\/#website","url":"https:\/\/mobileninja.ca\/","name":"MobileNinja","description":"R\u00e9paration de t\u00e9l\u00e9phones cellulaire","publisher":{"@id":"https:\/\/mobileninja.ca\/#organization"},"potentialAction":[{"@type":"SearchAction","target":{"@type":"EntryPoint","urlTemplate":"https:\/\/mobileninja.ca\/?s={search_term_string}"},"query-input":"required name=search_term_string"}],"inLanguage":"fr-CA"},{"@type":"Organization","@id":"https:\/\/mobileninja.ca\/#organization","name":"MobileNinja Inc.","url":"https:\/\/mobileninja.ca\/","logo":{"@type":"ImageObject","inLanguage":"fr-CA","@id":"https:\/\/mobileninja.ca\/#\/schema\/logo\/image\/","url":"https:\/\/mobileninja.ca\/wp-content\/uploads\/2020\/03\/Artboard-1.svg","contentUrl":"https:\/\/mobileninja.ca\/wp-content\/uploads\/2020\/03\/Artboard-1.svg","width":432,"height":432,"caption":"MobileNinja Inc."},"image":{"@id":"https:\/\/mobileninja.ca\/#\/schema\/logo\/image\/"},"sameAs":["https:\/\/www.facebook.com\/MobileNinjaQC\/","https:\/\/www.instagram.com\/mobileninjaqc\/","https:\/\/www.linkedin.com\/company\/9361912\/","https:\/\/www.youtube.com\/channel\/UCRHHZHMGYKCFUrEi6pN1Cig"]}]}},"_links":{"self":[{"href":"https:\/\/mobileninja.ca\/fr\/wp-json\/wp\/v2\/pages\/3141","targetHints":{"allow":["GET"]}}],"collection":[{"href":"https:\/\/mobileninja.ca\/fr\/wp-json\/wp\/v2\/pages"}],"about":[{"href":"https:\/\/mobileninja.ca\/fr\/wp-json\/wp\/v2\/types\/page"}],"author":[{"embeddable":true,"href":"https:\/\/mobileninja.ca\/fr\/wp-json\/wp\/v2\/users\/6"}],"replies":[{"embeddable":true,"href":"https:\/\/mobileninja.ca\/fr\/wp-json\/wp\/v2\/comments?post=3141"}],"version-history":[{"count":4,"href":"https:\/\/mobileninja.ca\/fr\/wp-json\/wp\/v2\/pages\/3141\/revisions"}],"predecessor-version":[{"id":3149,"href":"https:\/\/mobileninja.ca\/fr\/wp-json\/wp\/v2\/pages\/3141\/revisions\/3149"}],"up":[{"embeddable":true,"href":"https:\/\/mobileninja.ca\/fr\/wp-json\/wp\/v2\/pages\/74"}],"wp:featuredmedia":[{"embeddable":true,"href":"https:\/\/mobileninja.ca\/fr\/wp-json\/wp\/v2\/media\/3121"}],"wp:attachment":[{"href":"https:\/\/mobileninja.ca\/fr\/wp-json\/wp\/v2\/media?parent=3141"}],"curies":[{"name":"wp","href":"https:\/\/api.w.org\/{rel}","templated":true}]}}