{"id":91,"date":"2019-08-11T09:06:28","date_gmt":"2019-08-11T13:06:28","guid":{"rendered":"https:\/\/www.secretlair.mobileninja.ca\/?page_id=91"},"modified":"2024-01-28T15:23:15","modified_gmt":"2024-01-28T20:23:15","slug":"iphone-repair-service","status":"publish","type":"page","link":"https:\/\/mobileninja.ca\/fr\/device-repair-service\/iphone-repair-service\/","title":{"rendered":"R\u00e9paration d'iPhone"},"content":{"rendered":"<div data-elementor-type=\"wp-page\" data-elementor-id=\"91\" class=\"elementor elementor-91\" data-elementor-post-type=\"page\">\n\t\t\t\t\t\t<section class=\"elementor-section elementor-top-section elementor-element elementor-element-51296ee elementor-section-stretched elementor-section-height-min-height elementor-section-boxed elementor-section-height-default elementor-section-items-middle\" data-id=\"51296ee\" data-element_type=\"section\" data-settings=\"{&quot;stretch_section&quot;:&quot;section-stretched&quot;,&quot;background_background&quot;:&quot;gradient&quot;}\">\n\t\t\t\t\t\t<div class=\"elementor-container elementor-column-gap-default\">\n\t\t\t\t\t<div class=\"elementor-column elementor-col-100 elementor-top-column elementor-element elementor-element-df86a48\" data-id=\"df86a48\" data-element_type=\"column\">\n\t\t\t<div class=\"elementor-widget-wrap elementor-element-populated\">\n\t\t\t\t\t\t\t<\/div>\n\t\t<\/div>\n\t\t\t\t\t<\/div>\n\t\t<\/section>\n\t\t\t\t<section class=\"elementor-section elementor-top-section elementor-element elementor-element-cc607b7 elementor-section-stretched elementor-section-boxed elementor-section-height-default elementor-section-height-default\" data-id=\"cc607b7\" data-element_type=\"section\" data-settings=\"{&quot;stretch_section&quot;:&quot;section-stretched&quot;}\">\n\t\t\t\t\t\t<div class=\"elementor-container elementor-column-gap-default\">\n\t\t\t\t\t<div class=\"elementor-column elementor-col-50 elementor-top-column elementor-element elementor-element-40aff30\" data-id=\"40aff30\" data-element_type=\"column\">\n\t\t\t<div class=\"elementor-widget-wrap elementor-element-populated\">\n\t\t\t\t\t\t<div class=\"elementor-element elementor-element-a32a523 animated-fast elementor-invisible elementor-widget elementor-widget-heading\" data-id=\"a32a523\" data-element_type=\"widget\" data-settings=\"{&quot;_animation&quot;:&quot;fadeInUp&quot;}\" data-widget_type=\"heading.default\">\n\t\t\t\t<div class=\"elementor-widget-container\">\n\t\t\t\t\t<h2 class=\"elementor-heading-title elementor-size-default\">Les appareils Apple n'ont plus de secrets pour nous!<\/h2>\t\t\t\t<\/div>\n\t\t\t\t<\/div>\n\t\t\t\t<div class=\"elementor-element elementor-element-e90756f elementor-widget elementor-widget-text-editor\" data-id=\"e90756f\" data-element_type=\"widget\" data-widget_type=\"text-editor.default\">\n\t\t\t\t<div class=\"elementor-widget-container\">\n\t\t\t\t\t\t\t\t\t<p>Que ce soit pour remplacer la batterie de votre iPhone ou changer l'\u00e9cran LCD cass\u00e9, nous avons l'expertise pour redonner vie \u00e0 votre appareil Apple pr\u00e9f\u00e9r\u00e9 ! Avec des ann\u00e9es d'exp\u00e9rience dans la r\u00e9paration d'iPhones, iPads et iPods, rendre votre t\u00e9l\u00e9phone portable ou tablette comme neuf est un jeu d'enfant !<\/p>\t\t\t\t\t\t\t\t<\/div>\n\t\t\t\t<\/div>\n\t\t\t\t<div class=\"elementor-element elementor-element-53dc005 elementor-align-left elementor-widget elementor-widget-button\" data-id=\"53dc005\" data-element_type=\"widget\" data-widget_type=\"button.default\">\n\t\t\t\t<div class=\"elementor-widget-container\">\n\t\t\t\t\t\t\t\t\t<div class=\"elementor-button-wrapper\">\n\t\t\t\t\t<a class=\"elementor-button elementor-button-link elementor-size-lg elementor-animation-float\" href=\"https:\/\/mobileninja.ca\/fr\/repair-estimator\/\">\n\t\t\t\t\t\t<span class=\"elementor-button-content-wrapper\">\n\t\t\t\t\t\t<span class=\"elementor-button-icon\">\n\t\t\t\t<i aria-hidden=\"true\" class=\"fas fa-angle-right\"><\/i>\t\t\t<\/span>\n\t\t\t\t\t\t\t\t\t<span class=\"elementor-button-text\">Estimation gratuite<\/span>\n\t\t\t\t\t<\/span>\n\t\t\t\t\t<\/a>\n\t\t\t\t<\/div>\n\t\t\t\t\t\t\t\t<\/div>\n\t\t\t\t<\/div>\n\t\t\t\t\t<\/div>\n\t\t<\/div>\n\t\t\t\t<div class=\"elementor-column elementor-col-50 elementor-top-column elementor-element elementor-element-1c545d2\" data-id=\"1c545d2\" data-element_type=\"column\">\n\t\t\t<div class=\"elementor-widget-wrap elementor-element-populated\">\n\t\t\t\t\t\t<div class=\"elementor-element elementor-element-bd0e32a elementor-view-stacked elementor-hidden-tablet elementor-hidden-phone elementor-shape-circle elementor-widget elementor-widget-icon\" data-id=\"bd0e32a\" data-element_type=\"widget\" data-settings=\"{&quot;motion_fx_motion_fx_scrolling&quot;:&quot;yes&quot;,&quot;motion_fx_translateX_effect&quot;:&quot;yes&quot;,&quot;motion_fx_translateX_direction&quot;:&quot;negative&quot;,&quot;motion_fx_translateX_affectedRange&quot;:{&quot;unit&quot;:&quot;%&quot;,&quot;size&quot;:&quot;&quot;,&quot;sizes&quot;:{&quot;start&quot;:0,&quot;end&quot;:75}},&quot;motion_fx_devices&quot;:[&quot;desktop&quot;],&quot;motion_fx_translateX_speed&quot;:{&quot;unit&quot;:&quot;px&quot;,&quot;size&quot;:4,&quot;sizes&quot;:[]}}\" data-widget_type=\"icon.default\">\n\t\t\t\t<div class=\"elementor-widget-container\">\n\t\t\t\t\t\t\t<div class=\"elementor-icon-wrapper\">\n\t\t\t<div class=\"elementor-icon\">\n\t\t\t<i aria-hidden=\"true\" class=\"fab fa-apple\"><\/i>\t\t\t<\/div>\n\t\t<\/div>\n\t\t\t\t\t\t<\/div>\n\t\t\t\t<\/div>\n\t\t\t\t<div class=\"elementor-element elementor-element-e8e0056 elementor-widget elementor-widget-image\" data-id=\"e8e0056\" data-element_type=\"widget\" data-settings=\"{&quot;motion_fx_motion_fx_scrolling&quot;:&quot;yes&quot;,&quot;motion_fx_translateX_effect&quot;:&quot;yes&quot;,&quot;motion_fx_translateX_affectedRange&quot;:{&quot;unit&quot;:&quot;%&quot;,&quot;size&quot;:&quot;&quot;,&quot;sizes&quot;:{&quot;start&quot;:0,&quot;end&quot;:53}},&quot;motion_fx_devices&quot;:[&quot;desktop&quot;],&quot;motion_fx_translateX_speed&quot;:{&quot;unit&quot;:&quot;px&quot;,&quot;size&quot;:4,&quot;sizes&quot;:[]}}\" data-widget_type=\"image.default\">\n\t\t\t\t<div class=\"elementor-widget-container\">\n\t\t\t\t\t\t\t\t\t\t\t\t\t\t\t<img decoding=\"async\" src=\"https:\/\/mobileninja.ca\/wp-content\/uploads\/elementor\/thumbs\/pog-mockup-omkw1ms5y349fey1f0qwyqstfxzm2r0i61xgm4obt4.png\" title=\"pog-mockup\" alt=\"pog-mockup\" loading=\"lazy\" \/>\t\t\t\t\t\t\t\t\t\t\t\t\t\t\t<\/div>\n\t\t\t\t<\/div>\n\t\t\t\t\t<\/div>\n\t\t<\/div>\n\t\t\t\t\t<\/div>\n\t\t<\/section>\n\t\t\t\t<section class=\"elementor-section elementor-top-section elementor-element elementor-element-5284e85 elementor-section-stretched elementor-section-full_width elementor-reverse-mobile elementor-section-height-default elementor-section-height-default\" data-id=\"5284e85\" data-element_type=\"section\" data-settings=\"{&quot;stretch_section&quot;:&quot;section-stretched&quot;}\">\n\t\t\t\t\t\t<div class=\"elementor-container elementor-column-gap-default\">\n\t\t\t\t\t<div class=\"elementor-column elementor-col-50 elementor-top-column elementor-element elementor-element-463077c\" data-id=\"463077c\" data-element_type=\"column\">\n\t\t\t<div class=\"elementor-widget-wrap elementor-element-populated\">\n\t\t\t\t\t\t<div class=\"elementor-element elementor-element-34e4c04 elementor-hidden-phone elementor-widget elementor-widget-image\" data-id=\"34e4c04\" data-element_type=\"widget\" data-settings=\"{&quot;motion_fx_motion_fx_scrolling&quot;:&quot;yes&quot;,&quot;motion_fx_translateX_effect&quot;:&quot;yes&quot;,&quot;motion_fx_translateX_direction&quot;:&quot;negative&quot;,&quot;motion_fx_translateX_affectedRange&quot;:{&quot;unit&quot;:&quot;%&quot;,&quot;size&quot;:&quot;&quot;,&quot;sizes&quot;:{&quot;start&quot;:0,&quot;end&quot;:50}},&quot;motion_fx_devices&quot;:[&quot;desktop&quot;],&quot;motion_fx_translateX_speed&quot;:{&quot;unit&quot;:&quot;px&quot;,&quot;size&quot;:4,&quot;sizes&quot;:[]}}\" data-widget_type=\"image.default\">\n\t\t\t\t<div class=\"elementor-widget-container\">\n\t\t\t\t\t\t\t\t\t\t\t\t\t\t\t<img decoding=\"async\" src=\"https:\/\/mobileninja.ca\/wp-content\/uploads\/elementor\/thumbs\/k-i-l-i-a-n-PZLgTUAhxMM-unsplash-scaled-omk5dq1nu3773xnnnn2rgjkwuzsdx8zppm70jrdxmu.jpg\" title=\"Phone Repair Homepage\" alt=\"Phone Repair Homepage\" loading=\"lazy\" \/>\t\t\t\t\t\t\t\t\t\t\t\t\t\t\t<\/div>\n\t\t\t\t<\/div>\n\t\t\t\t<div class=\"elementor-element elementor-element-3c56a46 elementor-view-stacked elementor-hidden-tablet elementor-hidden-phone elementor-shape-circle elementor-widget elementor-widget-icon\" data-id=\"3c56a46\" data-element_type=\"widget\" data-settings=\"{&quot;motion_fx_motion_fx_scrolling&quot;:&quot;yes&quot;,&quot;motion_fx_translateX_effect&quot;:&quot;yes&quot;,&quot;motion_fx_translateX_direction&quot;:&quot;negative&quot;,&quot;motion_fx_translateX_affectedRange&quot;:{&quot;unit&quot;:&quot;%&quot;,&quot;size&quot;:&quot;&quot;,&quot;sizes&quot;:{&quot;start&quot;:0,&quot;end&quot;:79}},&quot;motion_fx_devices&quot;:[&quot;desktop&quot;],&quot;motion_fx_translateX_speed&quot;:{&quot;unit&quot;:&quot;px&quot;,&quot;size&quot;:4,&quot;sizes&quot;:[]}}\" data-widget_type=\"icon.default\">\n\t\t\t\t<div class=\"elementor-widget-container\">\n\t\t\t\t\t\t\t<div class=\"elementor-icon-wrapper\">\n\t\t\t<div class=\"elementor-icon\">\n\t\t\t<i aria-hidden=\"true\" class=\"fas fa-tools\"><\/i>\t\t\t<\/div>\n\t\t<\/div>\n\t\t\t\t\t\t<\/div>\n\t\t\t\t<\/div>\n\t\t\t\t\t<\/div>\n\t\t<\/div>\n\t\t\t\t<div class=\"elementor-column elementor-col-50 elementor-top-column elementor-element elementor-element-f83aefd\" data-id=\"f83aefd\" data-element_type=\"column\">\n\t\t\t<div class=\"elementor-widget-wrap elementor-element-populated\">\n\t\t\t\t\t\t<div class=\"elementor-element elementor-element-257c76b animated-fast elementor-invisible elementor-widget elementor-widget-heading\" data-id=\"257c76b\" data-element_type=\"widget\" data-settings=\"{&quot;_animation&quot;:&quot;fadeInUp&quot;}\" data-widget_type=\"heading.default\">\n\t\t\t\t<div class=\"elementor-widget-container\">\n\t\t\t\t\t<h2 class=\"elementor-heading-title elementor-size-default\">Des pi\u00e8ces de qualit\u00e9s<\/h2>\t\t\t\t<\/div>\n\t\t\t\t<\/div>\n\t\t\t\t<div class=\"elementor-element elementor-element-f393ec4 elementor-widget elementor-widget-text-editor\" data-id=\"f393ec4\" data-element_type=\"widget\" data-widget_type=\"text-editor.default\">\n\t\t\t\t<div class=\"elementor-widget-container\">\n\t\t\t\t\t\t\t\t\t<p>M\u00e9fiez-vous des contrefa\u00e7ons ! Nous croyons que la fiabilit\u00e9 et la qualit\u00e9 ne devraient jamais \u00eatre sacrifi\u00e9es. Ainsi, toutes nos pi\u00e8ces sont de premi\u00e8re qualit\u00e9, garantissant que vous b\u00e9n\u00e9ficiez de la m\u00eame exp\u00e9rience incroyable avec votre iPhone que s'il venait tout juste de sortir de la bo\u00eete.<\/p>\t\t\t\t\t\t\t\t<\/div>\n\t\t\t\t<\/div>\n\t\t\t\t\t<\/div>\n\t\t<\/div>\n\t\t\t\t\t<\/div>\n\t\t<\/section>\n\t\t\t\t<section class=\"elementor-section elementor-top-section elementor-element elementor-element-eb95e26 elementor-section-stretched elementor-section-full_width elementor-section-height-default elementor-section-height-default\" data-id=\"eb95e26\" data-element_type=\"section\" data-settings=\"{&quot;stretch_section&quot;:&quot;section-stretched&quot;}\">\n\t\t\t\t\t\t<div class=\"elementor-container elementor-column-gap-default\">\n\t\t\t\t\t<div class=\"elementor-column elementor-col-100 elementor-top-column elementor-element elementor-element-3007e46\" data-id=\"3007e46\" data-element_type=\"column\">\n\t\t\t<div class=\"elementor-widget-wrap elementor-element-populated\">\n\t\t\t\t\t\t<div class=\"elementor-element elementor-element-bc93ccc elementor-widget elementor-widget-template\" data-id=\"bc93ccc\" data-element_type=\"widget\" data-widget_type=\"template.default\">\n\t\t\t\t<div class=\"elementor-widget-container\">\n\t\t\t\t\t\t\t<div class=\"elementor-template\">\n\t\t\t\t\t<div data-elementor-type=\"section\" data-elementor-id=\"1249\" class=\"elementor elementor-1249\" data-elementor-post-type=\"elementor_library\">\n\t\t\t\t\t<section class=\"elementor-section elementor-top-section elementor-element elementor-element-bb77e4e elementor-section-stretched elementor-section-height-min-height elementor-section-boxed elementor-section-height-default elementor-section-items-middle\" data-id=\"bb77e4e\" data-element_type=\"section\" data-settings=\"{&quot;stretch_section&quot;:&quot;section-stretched&quot;,&quot;background_background&quot;:&quot;gradient&quot;}\">\n\t\t\t\t\t\t<div class=\"elementor-container elementor-column-gap-default\">\n\t\t\t\t\t<div class=\"elementor-column elementor-col-50 elementor-top-column elementor-element elementor-element-b650644\" data-id=\"b650644\" data-element_type=\"column\">\n\t\t\t<div class=\"elementor-widget-wrap elementor-element-populated\">\n\t\t\t\t\t\t<div class=\"elementor-element elementor-element-38ffb46 elementor-widget elementor-widget-heading\" data-id=\"38ffb46\" data-element_type=\"widget\" data-widget_type=\"heading.default\">\n\t\t\t\t<div class=\"elementor-widget-container\">\n\t\t\t\t\t<h3 class=\"elementor-heading-title elementor-size-default\">Obtenez un estim\u00e9 pour votre r\u00e9paration!<\/h3>\t\t\t\t<\/div>\n\t\t\t\t<\/div>\n\t\t\t\t<div class=\"elementor-element elementor-element-5e1259a elementor-widget elementor-widget-heading\" data-id=\"5e1259a\" data-element_type=\"widget\" data-widget_type=\"heading.default\">\n\t\t\t\t<div class=\"elementor-widget-container\">\n\t\t\t\t\t<h4 class=\"elementor-heading-title elementor-size-default\">En moins de 2 minutes avec notre estimateur en ligne!<\/h4>\t\t\t\t<\/div>\n\t\t\t\t<\/div>\n\t\t\t\t\t<\/div>\n\t\t<\/div>\n\t\t\t\t<div class=\"elementor-column elementor-col-50 elementor-top-column elementor-element elementor-element-8e8903d\" data-id=\"8e8903d\" data-element_type=\"column\">\n\t\t\t<div class=\"elementor-widget-wrap elementor-element-populated\">\n\t\t\t\t\t\t<div class=\"elementor-element elementor-element-c486c62 elementor-align-center elementor-widget elementor-widget-button\" data-id=\"c486c62\" data-element_type=\"widget\" data-widget_type=\"button.default\">\n\t\t\t\t<div class=\"elementor-widget-container\">\n\t\t\t\t\t\t\t\t\t<div class=\"elementor-button-wrapper\">\n\t\t\t\t\t<a class=\"elementor-button elementor-button-link elementor-size-lg elementor-animation-float\" href=\"https:\/\/mobileninja.ca\/fr\/repair-estimator\/\">\n\t\t\t\t\t\t<span class=\"elementor-button-content-wrapper\">\n\t\t\t\t\t\t<span class=\"elementor-button-icon\">\n\t\t\t\t<i aria-hidden=\"true\" class=\"fas fa-angle-right\"><\/i>\t\t\t<\/span>\n\t\t\t\t\t\t\t\t\t<span class=\"elementor-button-text\">Estimation gratuite<\/span>\n\t\t\t\t\t<\/span>\n\t\t\t\t\t<\/a>\n\t\t\t\t<\/div>\n\t\t\t\t\t\t\t\t<\/div>\n\t\t\t\t<\/div>\n\t\t\t\t\t<\/div>\n\t\t<\/div>\n\t\t\t\t\t<\/div>\n\t\t<\/section>\n\t\t\t\t<\/div>\n\t\t\t\t<\/div>\n\t\t\t\t\t\t<\/div>\n\t\t\t\t<\/div>\n\t\t\t\t\t<\/div>\n\t\t<\/div>\n\t\t\t\t\t<\/div>\n\t\t<\/section>\n\t\t\t\t<section class=\"elementor-section elementor-top-section elementor-element elementor-element-f85aa0b elementor-section-stretched elementor-section-boxed elementor-section-height-default elementor-section-height-default\" data-id=\"f85aa0b\" data-element_type=\"section\" data-settings=\"{&quot;stretch_section&quot;:&quot;section-stretched&quot;}\">\n\t\t\t\t\t\t<div class=\"elementor-container elementor-column-gap-default\">\n\t\t\t\t\t<div class=\"elementor-column elementor-col-100 elementor-top-column elementor-element elementor-element-c28ae63\" data-id=\"c28ae63\" data-element_type=\"column\">\n\t\t\t<div class=\"elementor-widget-wrap\">\n\t\t\t\t\t\t\t<\/div>\n\t\t<\/div>\n\t\t\t\t\t<\/div>\n\t\t<\/section>\n\t\t\t\t<\/div>","protected":false},"excerpt":{"rendered":"<p>Apple devices have no secrets for us! Whether it be to swap your iPhone battery or to change your broken LCD screen, we have the expertise to bring your favorite Apple device back to life! With years of experience in repairing iPhones, iPads, and iPods, making your cellphone or tablet as good as new is [&hellip;]<\/p>","protected":false},"author":2,"featured_media":2354,"parent":74,"menu_order":0,"comment_status":"closed","ping_status":"closed","template":"","meta":{"footnotes":""},"class_list":["post-91","page","type-page","status-publish","has-post-thumbnail","hentry"],"yoast_head":"<!-- This site is optimized with the Yoast SEO plugin v22.3 - https:\/\/yoast.com\/wordpress\/plugins\/seo\/ -->\n<title>iPhone Repairs in Sherbrooke | MobileNinja<\/title>\n<meta name=\"description\" content=\"Trust MobileNinja in Sherbrooke for your iPhone repair. Certified experts, fast repairs, 100-day warranty. Learn more.\" \/>\n<meta name=\"robots\" content=\"index, follow, max-snippet:-1, max-image-preview:large, max-video-preview:-1\" \/>\n<link rel=\"canonical\" href=\"https:\/\/mobileninja.ca\/fr\/device-repair-service\/iphone-repair-service\/\" \/>\n<meta property=\"og:locale\" content=\"fr_CA\" \/>\n<meta property=\"og:type\" content=\"article\" \/>\n<meta property=\"og:title\" content=\"iPhone Repairs in Sherbrooke | MobileNinja\" \/>\n<meta property=\"og:description\" content=\"Trust MobileNinja in Sherbrooke for your iPhone repair. Certified experts, fast repairs, 100-day warranty. Learn more.\" \/>\n<meta property=\"og:url\" content=\"https:\/\/mobileninja.ca\/fr\/device-repair-service\/iphone-repair-service\/\" \/>\n<meta property=\"og:site_name\" content=\"MobileNinja\" \/>\n<meta property=\"article:publisher\" content=\"https:\/\/www.facebook.com\/MobileNinjaQC\/\" \/>\n<meta property=\"article:modified_time\" content=\"2024-01-28T20:23:15+00:00\" \/>\n<meta property=\"og:image\" content=\"https:\/\/mobileninja.ca\/wp-content\/uploads\/2023\/11\/iphone-11-black.webp\" \/>\n\t<meta property=\"og:image:width\" content=\"512\" \/>\n\t<meta property=\"og:image:height\" content=\"512\" \/>\n\t<meta property=\"og:image:type\" content=\"image\/webp\" \/>\n<meta name=\"twitter:card\" content=\"summary_large_image\" \/>\n<meta name=\"twitter:label1\" content=\"Est. reading time\" \/>\n\t<meta name=\"twitter:data1\" content=\"2 minutes\" \/>\n<script type=\"application\/ld+json\" class=\"yoast-schema-graph\">{\"@context\":\"https:\/\/schema.org\",\"@graph\":[{\"@type\":\"WebPage\",\"@id\":\"https:\/\/mobileninja.ca\/device-repair-service\/iphone-repair-service\/\",\"url\":\"https:\/\/mobileninja.ca\/device-repair-service\/iphone-repair-service\/\",\"name\":\"iPhone Repairs in Sherbrooke | MobileNinja\",\"isPartOf\":{\"@id\":\"https:\/\/mobileninja.ca\/#website\"},\"primaryImageOfPage\":{\"@id\":\"https:\/\/mobileninja.ca\/device-repair-service\/iphone-repair-service\/#primaryimage\"},\"image\":{\"@id\":\"https:\/\/mobileninja.ca\/device-repair-service\/iphone-repair-service\/#primaryimage\"},\"thumbnailUrl\":\"https:\/\/mobileninja.ca\/wp-content\/uploads\/2023\/11\/iphone-11-black.webp\",\"datePublished\":\"2019-08-11T13:06:28+00:00\",\"dateModified\":\"2024-01-28T20:23:15+00:00\",\"description\":\"Trust MobileNinja in Sherbrooke for your iPhone repair. Certified experts, fast repairs, 100-day warranty. Learn more.\",\"breadcrumb\":{\"@id\":\"https:\/\/mobileninja.ca\/device-repair-service\/iphone-repair-service\/#breadcrumb\"},\"inLanguage\":\"fr-CA\",\"potentialAction\":[{\"@type\":\"ReadAction\",\"target\":[\"https:\/\/mobileninja.ca\/device-repair-service\/iphone-repair-service\/\"]}]},{\"@type\":\"ImageObject\",\"inLanguage\":\"fr-CA\",\"@id\":\"https:\/\/mobileninja.ca\/device-repair-service\/iphone-repair-service\/#primaryimage\",\"url\":\"https:\/\/mobileninja.ca\/wp-content\/uploads\/2023\/11\/iphone-11-black.webp\",\"contentUrl\":\"https:\/\/mobileninja.ca\/wp-content\/uploads\/2023\/11\/iphone-11-black.webp\",\"width\":512,\"height\":512},{\"@type\":\"BreadcrumbList\",\"@id\":\"https:\/\/mobileninja.ca\/device-repair-service\/iphone-repair-service\/#breadcrumb\",\"itemListElement\":[{\"@type\":\"ListItem\",\"position\":1,\"name\":\"Home\",\"item\":\"https:\/\/mobileninja.ca\/\"},{\"@type\":\"ListItem\",\"position\":2,\"name\":\"Repair Service\",\"item\":\"https:\/\/mobileninja.ca\/device-repair-service\/\"},{\"@type\":\"ListItem\",\"position\":3,\"name\":\"iPhone Repair Service\"}]},{\"@type\":\"WebSite\",\"@id\":\"https:\/\/mobileninja.ca\/#website\",\"url\":\"https:\/\/mobileninja.ca\/\",\"name\":\"MobileNinja\",\"description\":\"R\u00e9paration de t\u00e9l\u00e9phones cellulaire\",\"publisher\":{\"@id\":\"https:\/\/mobileninja.ca\/#organization\"},\"potentialAction\":[{\"@type\":\"SearchAction\",\"target\":{\"@type\":\"EntryPoint\",\"urlTemplate\":\"https:\/\/mobileninja.ca\/?s={search_term_string}\"},\"query-input\":\"required name=search_term_string\"}],\"inLanguage\":\"fr-CA\"},{\"@type\":\"Organization\",\"@id\":\"https:\/\/mobileninja.ca\/#organization\",\"name\":\"MobileNinja Inc.\",\"url\":\"https:\/\/mobileninja.ca\/\",\"logo\":{\"@type\":\"ImageObject\",\"inLanguage\":\"fr-CA\",\"@id\":\"https:\/\/mobileninja.ca\/#\/schema\/logo\/image\/\",\"url\":\"https:\/\/mobileninja.ca\/wp-content\/uploads\/2020\/03\/Artboard-1.svg\",\"contentUrl\":\"https:\/\/mobileninja.ca\/wp-content\/uploads\/2020\/03\/Artboard-1.svg\",\"width\":432,\"height\":432,\"caption\":\"MobileNinja Inc.\"},\"image\":{\"@id\":\"https:\/\/mobileninja.ca\/#\/schema\/logo\/image\/\"},\"sameAs\":[\"https:\/\/www.facebook.com\/MobileNinjaQC\/\",\"https:\/\/www.instagram.com\/mobileninjaqc\/\",\"https:\/\/www.linkedin.com\/company\/9361912\/\",\"https:\/\/www.youtube.com\/channel\/UCRHHZHMGYKCFUrEi6pN1Cig\"]}]}<\/script>\n<!-- \/ Yoast SEO plugin. -->","yoast_head_json":{"title":"iPhone Repairs in Sherbrooke | MobileNinja","description":"Trust MobileNinja in Sherbrooke for your iPhone repair. Certified experts, fast repairs, 100-day warranty. Learn more.","robots":{"index":"index","follow":"follow","max-snippet":"max-snippet:-1","max-image-preview":"max-image-preview:large","max-video-preview":"max-video-preview:-1"},"canonical":"https:\/\/mobileninja.ca\/fr\/device-repair-service\/iphone-repair-service\/","og_locale":"fr_CA","og_type":"article","og_title":"iPhone Repairs in Sherbrooke | MobileNinja","og_description":"Trust MobileNinja in Sherbrooke for your iPhone repair. Certified experts, fast repairs, 100-day warranty. Learn more.","og_url":"https:\/\/mobileninja.ca\/fr\/device-repair-service\/iphone-repair-service\/","og_site_name":"MobileNinja","article_publisher":"https:\/\/www.facebook.com\/MobileNinjaQC\/","article_modified_time":"2024-01-28T20:23:15+00:00","og_image":[{"width":512,"height":512,"url":"https:\/\/mobileninja.ca\/wp-content\/uploads\/2023\/11\/iphone-11-black.webp","type":"image\/webp"}],"twitter_card":"summary_large_image","twitter_misc":{"Est. reading time":"2 minutes"},"schema":{"@context":"https:\/\/schema.org","@graph":[{"@type":"WebPage","@id":"https:\/\/mobileninja.ca\/device-repair-service\/iphone-repair-service\/","url":"https:\/\/mobileninja.ca\/device-repair-service\/iphone-repair-service\/","name":"iPhone Repairs in Sherbrooke | MobileNinja","isPartOf":{"@id":"https:\/\/mobileninja.ca\/#website"},"primaryImageOfPage":{"@id":"https:\/\/mobileninja.ca\/device-repair-service\/iphone-repair-service\/#primaryimage"},"image":{"@id":"https:\/\/mobileninja.ca\/device-repair-service\/iphone-repair-service\/#primaryimage"},"thumbnailUrl":"https:\/\/mobileninja.ca\/wp-content\/uploads\/2023\/11\/iphone-11-black.webp","datePublished":"2019-08-11T13:06:28+00:00","dateModified":"2024-01-28T20:23:15+00:00","description":"Trust MobileNinja in Sherbrooke for your iPhone repair. Certified experts, fast repairs, 100-day warranty. Learn more.","breadcrumb":{"@id":"https:\/\/mobileninja.ca\/device-repair-service\/iphone-repair-service\/#breadcrumb"},"inLanguage":"fr-CA","potentialAction":[{"@type":"ReadAction","target":["https:\/\/mobileninja.ca\/device-repair-service\/iphone-repair-service\/"]}]},{"@type":"ImageObject","inLanguage":"fr-CA","@id":"https:\/\/mobileninja.ca\/device-repair-service\/iphone-repair-service\/#primaryimage","url":"https:\/\/mobileninja.ca\/wp-content\/uploads\/2023\/11\/iphone-11-black.webp","contentUrl":"https:\/\/mobileninja.ca\/wp-content\/uploads\/2023\/11\/iphone-11-black.webp","width":512,"height":512},{"@type":"BreadcrumbList","@id":"https:\/\/mobileninja.ca\/device-repair-service\/iphone-repair-service\/#breadcrumb","itemListElement":[{"@type":"ListItem","position":1,"name":"Home","item":"https:\/\/mobileninja.ca\/"},{"@type":"ListItem","position":2,"name":"Repair Service","item":"https:\/\/mobileninja.ca\/device-repair-service\/"},{"@type":"ListItem","position":3,"name":"iPhone Repair Service"}]},{"@type":"WebSite","@id":"https:\/\/mobileninja.ca\/#website","url":"https:\/\/mobileninja.ca\/","name":"MobileNinja","description":"R\u00e9paration de t\u00e9l\u00e9phones cellulaire","publisher":{"@id":"https:\/\/mobileninja.ca\/#organization"},"potentialAction":[{"@type":"SearchAction","target":{"@type":"EntryPoint","urlTemplate":"https:\/\/mobileninja.ca\/?s={search_term_string}"},"query-input":"required name=search_term_string"}],"inLanguage":"fr-CA"},{"@type":"Organization","@id":"https:\/\/mobileninja.ca\/#organization","name":"MobileNinja Inc.","url":"https:\/\/mobileninja.ca\/","logo":{"@type":"ImageObject","inLanguage":"fr-CA","@id":"https:\/\/mobileninja.ca\/#\/schema\/logo\/image\/","url":"https:\/\/mobileninja.ca\/wp-content\/uploads\/2020\/03\/Artboard-1.svg","contentUrl":"https:\/\/mobileninja.ca\/wp-content\/uploads\/2020\/03\/Artboard-1.svg","width":432,"height":432,"caption":"MobileNinja Inc."},"image":{"@id":"https:\/\/mobileninja.ca\/#\/schema\/logo\/image\/"},"sameAs":["https:\/\/www.facebook.com\/MobileNinjaQC\/","https:\/\/www.instagram.com\/mobileninjaqc\/","https:\/\/www.linkedin.com\/company\/9361912\/","https:\/\/www.youtube.com\/channel\/UCRHHZHMGYKCFUrEi6pN1Cig"]}]}},"_links":{"self":[{"href":"https:\/\/mobileninja.ca\/fr\/wp-json\/wp\/v2\/pages\/91","targetHints":{"allow":["GET"]}}],"collection":[{"href":"https:\/\/mobileninja.ca\/fr\/wp-json\/wp\/v2\/pages"}],"about":[{"href":"https:\/\/mobileninja.ca\/fr\/wp-json\/wp\/v2\/types\/page"}],"author":[{"embeddable":true,"href":"https:\/\/mobileninja.ca\/fr\/wp-json\/wp\/v2\/users\/2"}],"replies":[{"embeddable":true,"href":"https:\/\/mobileninja.ca\/fr\/wp-json\/wp\/v2\/comments?post=91"}],"version-history":[{"count":23,"href":"https:\/\/mobileninja.ca\/fr\/wp-json\/wp\/v2\/pages\/91\/revisions"}],"predecessor-version":[{"id":3032,"href":"https:\/\/mobileninja.ca\/fr\/wp-json\/wp\/v2\/pages\/91\/revisions\/3032"}],"up":[{"embeddable":true,"href":"https:\/\/mobileninja.ca\/fr\/wp-json\/wp\/v2\/pages\/74"}],"wp:featuredmedia":[{"embeddable":true,"href":"https:\/\/mobileninja.ca\/fr\/wp-json\/wp\/v2\/media\/2354"}],"wp:attachment":[{"href":"https:\/\/mobileninja.ca\/fr\/wp-json\/wp\/v2\/media?parent=91"}],"curies":[{"name":"wp","href":"https:\/\/api.w.org\/{rel}","templated":true}]}}