{"id":93,"date":"2019-08-11T09:08:46","date_gmt":"2019-08-11T13:08:46","guid":{"rendered":"https:\/\/www.secretlair.mobileninja.ca\/?page_id=93"},"modified":"2024-01-28T15:38:56","modified_gmt":"2024-01-28T20:38:56","slug":"samsung-repair-service","status":"publish","type":"page","link":"https:\/\/mobileninja.ca\/fr\/device-repair-service\/samsung-repair-service\/","title":{"rendered":"R\u00e9paration d'Appareils Samsung"},"content":{"rendered":"<div data-elementor-type=\"wp-page\" data-elementor-id=\"93\" class=\"elementor elementor-93\" data-elementor-post-type=\"page\">\n\t\t\t\t\t\t<section class=\"elementor-section elementor-top-section elementor-element elementor-element-7f94bcae elementor-section-stretched elementor-section-height-min-height elementor-section-boxed elementor-section-height-default elementor-section-items-middle\" data-id=\"7f94bcae\" data-element_type=\"section\" data-settings=\"{&quot;stretch_section&quot;:&quot;section-stretched&quot;,&quot;background_background&quot;:&quot;gradient&quot;}\">\n\t\t\t\t\t\t<div class=\"elementor-container elementor-column-gap-default\">\n\t\t\t\t\t<div class=\"elementor-column elementor-col-100 elementor-top-column elementor-element elementor-element-3eb5cd28\" data-id=\"3eb5cd28\" data-element_type=\"column\">\n\t\t\t<div class=\"elementor-widget-wrap elementor-element-populated\">\n\t\t\t\t\t\t\t<\/div>\n\t\t<\/div>\n\t\t\t\t\t<\/div>\n\t\t<\/section>\n\t\t\t\t<section class=\"elementor-section elementor-top-section elementor-element elementor-element-49f5bd67 elementor-section-stretched elementor-section-boxed elementor-section-height-default elementor-section-height-default\" data-id=\"49f5bd67\" data-element_type=\"section\" data-settings=\"{&quot;stretch_section&quot;:&quot;section-stretched&quot;}\">\n\t\t\t\t\t\t<div class=\"elementor-container elementor-column-gap-default\">\n\t\t\t\t\t<div class=\"elementor-column elementor-col-50 elementor-top-column elementor-element elementor-element-53dac75a\" data-id=\"53dac75a\" data-element_type=\"column\">\n\t\t\t<div class=\"elementor-widget-wrap elementor-element-populated\">\n\t\t\t\t\t\t<div class=\"elementor-element elementor-element-39505d7d animated-fast elementor-invisible elementor-widget elementor-widget-heading\" data-id=\"39505d7d\" data-element_type=\"widget\" data-settings=\"{&quot;_animation&quot;:&quot;fadeInUp&quot;}\" data-widget_type=\"heading.default\">\n\t\t\t\t<div class=\"elementor-widget-container\">\n\t\t\t\t\t<h2 class=\"elementor-heading-title elementor-size-default\">Vos appareils Samsung n'ont pas de secret pour nous!<\/h2>\t\t\t\t<\/div>\n\t\t\t\t<\/div>\n\t\t\t\t<div class=\"elementor-element elementor-element-1639ab18 elementor-widget elementor-widget-text-editor\" data-id=\"1639ab18\" data-element_type=\"widget\" data-widget_type=\"text-editor.default\">\n\t\t\t\t<div class=\"elementor-widget-container\">\n\t\t\t\t\t\t\t\t\t<p>Que ce soit pour remplacer la batterie de votre Samsung ou changer l'\u00e9cran LCD cass\u00e9, nous avons l'expertise pour redonner vie \u00e0 votre appareil Samsung pr\u00e9f\u00e9r\u00e9 ! Avec des ann\u00e9es d'exp\u00e9rience dans la r\u00e9paration des t\u00e9l\u00e9phones et tablettes Samsung, rendre votre t\u00e9l\u00e9phone portable ou tablette comme neuf est un jeu d'enfant !<\/p>\t\t\t\t\t\t\t\t<\/div>\n\t\t\t\t<\/div>\n\t\t\t\t<div class=\"elementor-element elementor-element-31f81b06 elementor-align-left elementor-widget elementor-widget-button\" data-id=\"31f81b06\" data-element_type=\"widget\" data-widget_type=\"button.default\">\n\t\t\t\t<div class=\"elementor-widget-container\">\n\t\t\t\t\t\t\t\t\t<div class=\"elementor-button-wrapper\">\n\t\t\t\t\t<a class=\"elementor-button elementor-button-link elementor-size-lg elementor-animation-float\" href=\"https:\/\/mobileninja.ca\/fr\/repair-estimator\/\">\n\t\t\t\t\t\t<span class=\"elementor-button-content-wrapper\">\n\t\t\t\t\t\t<span class=\"elementor-button-icon\">\n\t\t\t\t<i aria-hidden=\"true\" class=\"fas fa-angle-right\"><\/i>\t\t\t<\/span>\n\t\t\t\t\t\t\t\t\t<span class=\"elementor-button-text\">Estimation gratuite<\/span>\n\t\t\t\t\t<\/span>\n\t\t\t\t\t<\/a>\n\t\t\t\t<\/div>\n\t\t\t\t\t\t\t\t<\/div>\n\t\t\t\t<\/div>\n\t\t\t\t\t<\/div>\n\t\t<\/div>\n\t\t\t\t<div class=\"elementor-column elementor-col-50 elementor-top-column elementor-element elementor-element-6edb7f7d\" data-id=\"6edb7f7d\" data-element_type=\"column\">\n\t\t\t<div class=\"elementor-widget-wrap elementor-element-populated\">\n\t\t\t\t\t\t<div class=\"elementor-element elementor-element-37497a08 elementor-view-stacked elementor-hidden-tablet elementor-hidden-phone elementor-shape-circle elementor-widget elementor-widget-icon\" data-id=\"37497a08\" data-element_type=\"widget\" data-settings=\"{&quot;motion_fx_motion_fx_scrolling&quot;:&quot;yes&quot;,&quot;motion_fx_translateX_effect&quot;:&quot;yes&quot;,&quot;motion_fx_translateX_direction&quot;:&quot;negative&quot;,&quot;motion_fx_devices&quot;:[&quot;desktop&quot;],&quot;motion_fx_translateX_speed&quot;:{&quot;unit&quot;:&quot;px&quot;,&quot;size&quot;:4,&quot;sizes&quot;:[]},&quot;motion_fx_translateX_affectedRange&quot;:{&quot;unit&quot;:&quot;%&quot;,&quot;size&quot;:&quot;&quot;,&quot;sizes&quot;:{&quot;start&quot;:0,&quot;end&quot;:100}}}\" data-widget_type=\"icon.default\">\n\t\t\t\t<div class=\"elementor-widget-container\">\n\t\t\t\t\t\t\t<div class=\"elementor-icon-wrapper\">\n\t\t\t<div class=\"elementor-icon\">\n\t\t\t<i aria-hidden=\"true\" class=\"fas fa-mobile-alt\"><\/i>\t\t\t<\/div>\n\t\t<\/div>\n\t\t\t\t\t\t<\/div>\n\t\t\t\t<\/div>\n\t\t\t\t<div class=\"elementor-element elementor-element-55c9556f elementor-widget elementor-widget-image\" data-id=\"55c9556f\" data-element_type=\"widget\" data-settings=\"{&quot;motion_fx_motion_fx_scrolling&quot;:&quot;yes&quot;,&quot;motion_fx_translateX_effect&quot;:&quot;yes&quot;,&quot;motion_fx_devices&quot;:[&quot;desktop&quot;],&quot;motion_fx_translateX_speed&quot;:{&quot;unit&quot;:&quot;px&quot;,&quot;size&quot;:4,&quot;sizes&quot;:[]},&quot;motion_fx_translateX_affectedRange&quot;:{&quot;unit&quot;:&quot;%&quot;,&quot;size&quot;:&quot;&quot;,&quot;sizes&quot;:{&quot;start&quot;:0,&quot;end&quot;:100}}}\" data-widget_type=\"image.default\">\n\t\t\t\t<div class=\"elementor-widget-container\">\n\t\t\t\t\t\t\t\t\t\t\t\t\t\t\t<img fetchpriority=\"high\" decoding=\"async\" width=\"679\" height=\"863\" src=\"https:\/\/mobileninja.ca\/wp-content\/uploads\/2024\/01\/61uAwNHHgaL._AC_SX679_.jpg\" class=\"attachment-full size-full wp-image-3012\" alt=\"\" srcset=\"https:\/\/mobileninja.ca\/wp-content\/uploads\/2024\/01\/61uAwNHHgaL._AC_SX679_.jpg 679w, https:\/\/mobileninja.ca\/wp-content\/uploads\/2024\/01\/61uAwNHHgaL._AC_SX679_-236x300.jpg 236w, https:\/\/mobileninja.ca\/wp-content\/uploads\/2024\/01\/61uAwNHHgaL._AC_SX679_-9x12.jpg 9w\" sizes=\"(max-width: 679px) 100vw, 679px\" \/>\t\t\t\t\t\t\t\t\t\t\t\t\t\t\t<\/div>\n\t\t\t\t<\/div>\n\t\t\t\t\t<\/div>\n\t\t<\/div>\n\t\t\t\t\t<\/div>\n\t\t<\/section>\n\t\t\t\t<section class=\"elementor-section elementor-top-section elementor-element elementor-element-122a6b64 elementor-section-stretched elementor-section-full_width elementor-reverse-mobile elementor-section-height-default elementor-section-height-default\" data-id=\"122a6b64\" data-element_type=\"section\" data-settings=\"{&quot;stretch_section&quot;:&quot;section-stretched&quot;}\">\n\t\t\t\t\t\t<div class=\"elementor-container elementor-column-gap-default\">\n\t\t\t\t\t<div class=\"elementor-column elementor-col-50 elementor-top-column elementor-element elementor-element-f3b392f\" data-id=\"f3b392f\" data-element_type=\"column\">\n\t\t\t<div class=\"elementor-widget-wrap elementor-element-populated\">\n\t\t\t\t\t\t<div class=\"elementor-element elementor-element-66560743 elementor-hidden-phone elementor-widget elementor-widget-image\" data-id=\"66560743\" data-element_type=\"widget\" data-settings=\"{&quot;motion_fx_motion_fx_scrolling&quot;:&quot;yes&quot;,&quot;motion_fx_translateX_effect&quot;:&quot;yes&quot;,&quot;motion_fx_translateX_direction&quot;:&quot;negative&quot;,&quot;motion_fx_translateX_affectedRange&quot;:{&quot;unit&quot;:&quot;%&quot;,&quot;size&quot;:&quot;&quot;,&quot;sizes&quot;:{&quot;start&quot;:0,&quot;end&quot;:50}},&quot;motion_fx_devices&quot;:[&quot;desktop&quot;],&quot;motion_fx_translateX_speed&quot;:{&quot;unit&quot;:&quot;px&quot;,&quot;size&quot;:4,&quot;sizes&quot;:[]}}\" data-widget_type=\"image.default\">\n\t\t\t\t<div class=\"elementor-widget-container\">\n\t\t\t\t\t\t\t\t\t\t\t\t\t\t\t<img decoding=\"async\" src=\"https:\/\/mobileninja.ca\/wp-content\/uploads\/elementor\/thumbs\/blaz-erzetic-C-Cml4m7rUo-unsplash-scaled-onaheylippjwy519vowgpne0dz4cjqp6dnpep1mjra.jpg\" title=\"Photo by Blaz Erzetic on Unsplash\" alt=\"Photo by Blaz Erzetic on Unsplash\" loading=\"lazy\" \/>\t\t\t\t\t\t\t\t\t\t\t\t\t\t\t<\/div>\n\t\t\t\t<\/div>\n\t\t\t\t<div class=\"elementor-element elementor-element-6139405 elementor-view-stacked elementor-hidden-tablet elementor-hidden-phone elementor-shape-circle elementor-widget elementor-widget-icon\" data-id=\"6139405\" data-element_type=\"widget\" data-settings=\"{&quot;motion_fx_motion_fx_scrolling&quot;:&quot;yes&quot;,&quot;motion_fx_translateX_effect&quot;:&quot;yes&quot;,&quot;motion_fx_translateX_direction&quot;:&quot;negative&quot;,&quot;motion_fx_translateX_affectedRange&quot;:{&quot;unit&quot;:&quot;%&quot;,&quot;size&quot;:&quot;&quot;,&quot;sizes&quot;:{&quot;start&quot;:0,&quot;end&quot;:79}},&quot;motion_fx_devices&quot;:[&quot;desktop&quot;],&quot;motion_fx_translateX_speed&quot;:{&quot;unit&quot;:&quot;px&quot;,&quot;size&quot;:4,&quot;sizes&quot;:[]}}\" data-widget_type=\"icon.default\">\n\t\t\t\t<div class=\"elementor-widget-container\">\n\t\t\t\t\t\t\t<div class=\"elementor-icon-wrapper\">\n\t\t\t<div class=\"elementor-icon\">\n\t\t\t<i aria-hidden=\"true\" class=\"fas fa-tools\"><\/i>\t\t\t<\/div>\n\t\t<\/div>\n\t\t\t\t\t\t<\/div>\n\t\t\t\t<\/div>\n\t\t\t\t\t<\/div>\n\t\t<\/div>\n\t\t\t\t<div class=\"elementor-column elementor-col-50 elementor-top-column elementor-element elementor-element-2172af71\" data-id=\"2172af71\" data-element_type=\"column\">\n\t\t\t<div class=\"elementor-widget-wrap elementor-element-populated\">\n\t\t\t\t\t\t<div class=\"elementor-element elementor-element-14804eda animated-fast elementor-invisible elementor-widget elementor-widget-heading\" data-id=\"14804eda\" data-element_type=\"widget\" data-settings=\"{&quot;_animation&quot;:&quot;fadeInUp&quot;}\" data-widget_type=\"heading.default\">\n\t\t\t\t<div class=\"elementor-widget-container\">\n\t\t\t\t\t<h2 class=\"elementor-heading-title elementor-size-default\">Des pi\u00e8ces de qualit\u00e9s<\/h2>\t\t\t\t<\/div>\n\t\t\t\t<\/div>\n\t\t\t\t<div class=\"elementor-element elementor-element-36a4096f elementor-widget elementor-widget-text-editor\" data-id=\"36a4096f\" data-element_type=\"widget\" data-widget_type=\"text-editor.default\">\n\t\t\t\t<div class=\"elementor-widget-container\">\n\t\t\t\t\t\t\t\t\t<p>M\u00e9fiez-vous des contrefa\u00e7ons ! Nous croyons que la fiabilit\u00e9 et la qualit\u00e9 ne devraient jamais \u00eatre sacrifi\u00e9es. Ainsi, toutes nos pi\u00e8ces sont de premi\u00e8re qualit\u00e9, garantissant que vous b\u00e9n\u00e9ficiez de la m\u00eame exp\u00e9rience incroyable avec votre t\u00e9l\u00e9phone Samsung que s'il venait tout juste de sortir de la bo\u00eete.<\/p>\t\t\t\t\t\t\t\t<\/div>\n\t\t\t\t<\/div>\n\t\t\t\t\t<\/div>\n\t\t<\/div>\n\t\t\t\t\t<\/div>\n\t\t<\/section>\n\t\t\t\t<section class=\"elementor-section elementor-top-section elementor-element elementor-element-391547cb elementor-section-stretched elementor-section-full_width elementor-section-height-default elementor-section-height-default\" data-id=\"391547cb\" data-element_type=\"section\" data-settings=\"{&quot;stretch_section&quot;:&quot;section-stretched&quot;}\">\n\t\t\t\t\t\t<div class=\"elementor-container elementor-column-gap-default\">\n\t\t\t\t\t<div class=\"elementor-column elementor-col-100 elementor-top-column elementor-element elementor-element-709238c0\" data-id=\"709238c0\" data-element_type=\"column\">\n\t\t\t<div class=\"elementor-widget-wrap elementor-element-populated\">\n\t\t\t\t\t\t<div class=\"elementor-element elementor-element-7af2a297 elementor-widget elementor-widget-template\" data-id=\"7af2a297\" data-element_type=\"widget\" data-widget_type=\"template.default\">\n\t\t\t\t<div class=\"elementor-widget-container\">\n\t\t\t\t\t\t\t<div class=\"elementor-template\">\n\t\t\t\t\t<div data-elementor-type=\"section\" data-elementor-id=\"1249\" class=\"elementor elementor-1249\" data-elementor-post-type=\"elementor_library\">\n\t\t\t\t\t<section class=\"elementor-section elementor-top-section elementor-element elementor-element-bb77e4e elementor-section-stretched elementor-section-height-min-height elementor-section-boxed elementor-section-height-default elementor-section-items-middle\" data-id=\"bb77e4e\" data-element_type=\"section\" data-settings=\"{&quot;stretch_section&quot;:&quot;section-stretched&quot;,&quot;background_background&quot;:&quot;gradient&quot;}\">\n\t\t\t\t\t\t<div class=\"elementor-container elementor-column-gap-default\">\n\t\t\t\t\t<div class=\"elementor-column elementor-col-50 elementor-top-column elementor-element elementor-element-b650644\" data-id=\"b650644\" data-element_type=\"column\">\n\t\t\t<div class=\"elementor-widget-wrap elementor-element-populated\">\n\t\t\t\t\t\t<div class=\"elementor-element elementor-element-38ffb46 elementor-widget elementor-widget-heading\" data-id=\"38ffb46\" data-element_type=\"widget\" data-widget_type=\"heading.default\">\n\t\t\t\t<div class=\"elementor-widget-container\">\n\t\t\t\t\t<h3 class=\"elementor-heading-title elementor-size-default\">Obtenez un estim\u00e9 pour votre r\u00e9paration!<\/h3>\t\t\t\t<\/div>\n\t\t\t\t<\/div>\n\t\t\t\t<div class=\"elementor-element elementor-element-5e1259a elementor-widget elementor-widget-heading\" data-id=\"5e1259a\" data-element_type=\"widget\" data-widget_type=\"heading.default\">\n\t\t\t\t<div class=\"elementor-widget-container\">\n\t\t\t\t\t<h4 class=\"elementor-heading-title elementor-size-default\">En moins de 2 minutes avec notre estimateur en ligne!<\/h4>\t\t\t\t<\/div>\n\t\t\t\t<\/div>\n\t\t\t\t\t<\/div>\n\t\t<\/div>\n\t\t\t\t<div class=\"elementor-column elementor-col-50 elementor-top-column elementor-element elementor-element-8e8903d\" data-id=\"8e8903d\" data-element_type=\"column\">\n\t\t\t<div class=\"elementor-widget-wrap elementor-element-populated\">\n\t\t\t\t\t\t<div class=\"elementor-element elementor-element-c486c62 elementor-align-center elementor-widget elementor-widget-button\" data-id=\"c486c62\" data-element_type=\"widget\" data-widget_type=\"button.default\">\n\t\t\t\t<div class=\"elementor-widget-container\">\n\t\t\t\t\t\t\t\t\t<div class=\"elementor-button-wrapper\">\n\t\t\t\t\t<a class=\"elementor-button elementor-button-link elementor-size-lg elementor-animation-float\" href=\"https:\/\/mobileninja.ca\/fr\/repair-estimator\/\">\n\t\t\t\t\t\t<span class=\"elementor-button-content-wrapper\">\n\t\t\t\t\t\t<span class=\"elementor-button-icon\">\n\t\t\t\t<i aria-hidden=\"true\" class=\"fas fa-angle-right\"><\/i>\t\t\t<\/span>\n\t\t\t\t\t\t\t\t\t<span class=\"elementor-button-text\">Estimation gratuite<\/span>\n\t\t\t\t\t<\/span>\n\t\t\t\t\t<\/a>\n\t\t\t\t<\/div>\n\t\t\t\t\t\t\t\t<\/div>\n\t\t\t\t<\/div>\n\t\t\t\t\t<\/div>\n\t\t<\/div>\n\t\t\t\t\t<\/div>\n\t\t<\/section>\n\t\t\t\t<\/div>\n\t\t\t\t<\/div>\n\t\t\t\t\t\t<\/div>\n\t\t\t\t<\/div>\n\t\t\t\t\t<\/div>\n\t\t<\/div>\n\t\t\t\t\t<\/div>\n\t\t<\/section>\n\t\t\t\t<section class=\"elementor-section elementor-top-section elementor-element elementor-element-69411a5d elementor-section-stretched elementor-section-boxed elementor-section-height-default elementor-section-height-default\" data-id=\"69411a5d\" data-element_type=\"section\" data-settings=\"{&quot;stretch_section&quot;:&quot;section-stretched&quot;}\">\n\t\t\t\t\t\t<div class=\"elementor-container elementor-column-gap-default\">\n\t\t\t\t\t<div class=\"elementor-column elementor-col-100 elementor-top-column elementor-element elementor-element-1a27598e\" data-id=\"1a27598e\" data-element_type=\"column\">\n\t\t\t<div class=\"elementor-widget-wrap\">\n\t\t\t\t\t\t\t<\/div>\n\t\t<\/div>\n\t\t\t\t\t<\/div>\n\t\t<\/section>\n\t\t\t\t<\/div>","protected":false},"excerpt":{"rendered":"<p>Samsung devices have no secrets for us! Whether it be to swap your Samsung battery or to change your broken LCD screen, we have the expertise to bring your favorite Samsung device back to life! With years of experience in repairing Samsung phones and tablets, making your cellphone or tablet as good as new is [&hellip;]<\/p>","protected":false},"author":2,"featured_media":3012,"parent":74,"menu_order":0,"comment_status":"closed","ping_status":"closed","template":"","meta":{"footnotes":""},"class_list":["post-93","page","type-page","status-publish","has-post-thumbnail","hentry"],"yoast_head":"<!-- This site is optimized with the Yoast SEO plugin v22.3 - https:\/\/yoast.com\/wordpress\/plugins\/seo\/ -->\n<title>Samsung Phone Repairs in Sherbrooke | MobileNinja<\/title>\n<meta name=\"description\" content=\"Trust MobileNinja in Sherbrooke for your Samsung phone repair. Certified experts, swift repairs, 100-day warranty. Explore our services now.\" \/>\n<meta name=\"robots\" content=\"index, follow, max-snippet:-1, max-image-preview:large, max-video-preview:-1\" \/>\n<link rel=\"canonical\" href=\"https:\/\/mobileninja.ca\/fr\/device-repair-service\/samsung-repair-service\/\" \/>\n<meta property=\"og:locale\" content=\"fr_CA\" \/>\n<meta property=\"og:type\" content=\"article\" \/>\n<meta property=\"og:title\" content=\"Samsung Phone Repairs in Sherbrooke | MobileNinja\" \/>\n<meta property=\"og:description\" content=\"Trust MobileNinja in Sherbrooke for your Samsung phone repair. Certified experts, swift repairs, 100-day warranty. Explore our services now.\" \/>\n<meta property=\"og:url\" content=\"https:\/\/mobileninja.ca\/fr\/device-repair-service\/samsung-repair-service\/\" \/>\n<meta property=\"og:site_name\" content=\"MobileNinja\" \/>\n<meta property=\"article:publisher\" content=\"https:\/\/www.facebook.com\/MobileNinjaQC\/\" \/>\n<meta property=\"article:modified_time\" content=\"2024-01-28T20:38:56+00:00\" \/>\n<meta property=\"og:image\" content=\"https:\/\/mobileninja.ca\/wp-content\/uploads\/2024\/01\/61uAwNHHgaL._AC_SX679_.jpg\" \/>\n\t<meta property=\"og:image:width\" content=\"679\" \/>\n\t<meta property=\"og:image:height\" content=\"863\" \/>\n\t<meta property=\"og:image:type\" content=\"image\/jpeg\" \/>\n<meta name=\"twitter:card\" content=\"summary_large_image\" \/>\n<meta name=\"twitter:label1\" content=\"Est. reading time\" \/>\n\t<meta name=\"twitter:data1\" content=\"2 minutes\" \/>\n<script type=\"application\/ld+json\" class=\"yoast-schema-graph\">{\"@context\":\"https:\/\/schema.org\",\"@graph\":[{\"@type\":\"WebPage\",\"@id\":\"https:\/\/mobileninja.ca\/device-repair-service\/samsung-repair-service\/\",\"url\":\"https:\/\/mobileninja.ca\/device-repair-service\/samsung-repair-service\/\",\"name\":\"Samsung Phone Repairs in Sherbrooke | MobileNinja\",\"isPartOf\":{\"@id\":\"https:\/\/mobileninja.ca\/#website\"},\"primaryImageOfPage\":{\"@id\":\"https:\/\/mobileninja.ca\/device-repair-service\/samsung-repair-service\/#primaryimage\"},\"image\":{\"@id\":\"https:\/\/mobileninja.ca\/device-repair-service\/samsung-repair-service\/#primaryimage\"},\"thumbnailUrl\":\"https:\/\/mobileninja.ca\/wp-content\/uploads\/2024\/01\/61uAwNHHgaL._AC_SX679_.jpg\",\"datePublished\":\"2019-08-11T13:08:46+00:00\",\"dateModified\":\"2024-01-28T20:38:56+00:00\",\"description\":\"Trust MobileNinja in Sherbrooke for your Samsung phone repair. Certified experts, swift repairs, 100-day warranty. Explore our services now.\",\"breadcrumb\":{\"@id\":\"https:\/\/mobileninja.ca\/device-repair-service\/samsung-repair-service\/#breadcrumb\"},\"inLanguage\":\"fr-CA\",\"potentialAction\":[{\"@type\":\"ReadAction\",\"target\":[\"https:\/\/mobileninja.ca\/device-repair-service\/samsung-repair-service\/\"]}]},{\"@type\":\"ImageObject\",\"inLanguage\":\"fr-CA\",\"@id\":\"https:\/\/mobileninja.ca\/device-repair-service\/samsung-repair-service\/#primaryimage\",\"url\":\"https:\/\/mobileninja.ca\/wp-content\/uploads\/2024\/01\/61uAwNHHgaL._AC_SX679_.jpg\",\"contentUrl\":\"https:\/\/mobileninja.ca\/wp-content\/uploads\/2024\/01\/61uAwNHHgaL._AC_SX679_.jpg\",\"width\":679,\"height\":863},{\"@type\":\"BreadcrumbList\",\"@id\":\"https:\/\/mobileninja.ca\/device-repair-service\/samsung-repair-service\/#breadcrumb\",\"itemListElement\":[{\"@type\":\"ListItem\",\"position\":1,\"name\":\"Home\",\"item\":\"https:\/\/mobileninja.ca\/\"},{\"@type\":\"ListItem\",\"position\":2,\"name\":\"Repair Service\",\"item\":\"https:\/\/mobileninja.ca\/device-repair-service\/\"},{\"@type\":\"ListItem\",\"position\":3,\"name\":\"Samsung Repair Service\"}]},{\"@type\":\"WebSite\",\"@id\":\"https:\/\/mobileninja.ca\/#website\",\"url\":\"https:\/\/mobileninja.ca\/\",\"name\":\"MobileNinja\",\"description\":\"R\u00e9paration de t\u00e9l\u00e9phones cellulaire\",\"publisher\":{\"@id\":\"https:\/\/mobileninja.ca\/#organization\"},\"potentialAction\":[{\"@type\":\"SearchAction\",\"target\":{\"@type\":\"EntryPoint\",\"urlTemplate\":\"https:\/\/mobileninja.ca\/?s={search_term_string}\"},\"query-input\":\"required name=search_term_string\"}],\"inLanguage\":\"fr-CA\"},{\"@type\":\"Organization\",\"@id\":\"https:\/\/mobileninja.ca\/#organization\",\"name\":\"MobileNinja Inc.\",\"url\":\"https:\/\/mobileninja.ca\/\",\"logo\":{\"@type\":\"ImageObject\",\"inLanguage\":\"fr-CA\",\"@id\":\"https:\/\/mobileninja.ca\/#\/schema\/logo\/image\/\",\"url\":\"https:\/\/mobileninja.ca\/wp-content\/uploads\/2020\/03\/Artboard-1.svg\",\"contentUrl\":\"https:\/\/mobileninja.ca\/wp-content\/uploads\/2020\/03\/Artboard-1.svg\",\"width\":432,\"height\":432,\"caption\":\"MobileNinja Inc.\"},\"image\":{\"@id\":\"https:\/\/mobileninja.ca\/#\/schema\/logo\/image\/\"},\"sameAs\":[\"https:\/\/www.facebook.com\/MobileNinjaQC\/\",\"https:\/\/www.instagram.com\/mobileninjaqc\/\",\"https:\/\/www.linkedin.com\/company\/9361912\/\",\"https:\/\/www.youtube.com\/channel\/UCRHHZHMGYKCFUrEi6pN1Cig\"]}]}<\/script>\n<!-- \/ Yoast SEO plugin. -->","yoast_head_json":{"title":"Samsung Phone Repairs in Sherbrooke | MobileNinja","description":"Trust MobileNinja in Sherbrooke for your Samsung phone repair. Certified experts, swift repairs, 100-day warranty. Explore our services now.","robots":{"index":"index","follow":"follow","max-snippet":"max-snippet:-1","max-image-preview":"max-image-preview:large","max-video-preview":"max-video-preview:-1"},"canonical":"https:\/\/mobileninja.ca\/fr\/device-repair-service\/samsung-repair-service\/","og_locale":"fr_CA","og_type":"article","og_title":"Samsung Phone Repairs in Sherbrooke | MobileNinja","og_description":"Trust MobileNinja in Sherbrooke for your Samsung phone repair. Certified experts, swift repairs, 100-day warranty. Explore our services now.","og_url":"https:\/\/mobileninja.ca\/fr\/device-repair-service\/samsung-repair-service\/","og_site_name":"MobileNinja","article_publisher":"https:\/\/www.facebook.com\/MobileNinjaQC\/","article_modified_time":"2024-01-28T20:38:56+00:00","og_image":[{"width":679,"height":863,"url":"https:\/\/mobileninja.ca\/wp-content\/uploads\/2024\/01\/61uAwNHHgaL._AC_SX679_.jpg","type":"image\/jpeg"}],"twitter_card":"summary_large_image","twitter_misc":{"Est. reading time":"2 minutes"},"schema":{"@context":"https:\/\/schema.org","@graph":[{"@type":"WebPage","@id":"https:\/\/mobileninja.ca\/device-repair-service\/samsung-repair-service\/","url":"https:\/\/mobileninja.ca\/device-repair-service\/samsung-repair-service\/","name":"Samsung Phone Repairs in Sherbrooke | MobileNinja","isPartOf":{"@id":"https:\/\/mobileninja.ca\/#website"},"primaryImageOfPage":{"@id":"https:\/\/mobileninja.ca\/device-repair-service\/samsung-repair-service\/#primaryimage"},"image":{"@id":"https:\/\/mobileninja.ca\/device-repair-service\/samsung-repair-service\/#primaryimage"},"thumbnailUrl":"https:\/\/mobileninja.ca\/wp-content\/uploads\/2024\/01\/61uAwNHHgaL._AC_SX679_.jpg","datePublished":"2019-08-11T13:08:46+00:00","dateModified":"2024-01-28T20:38:56+00:00","description":"Trust MobileNinja in Sherbrooke for your Samsung phone repair. Certified experts, swift repairs, 100-day warranty. Explore our services now.","breadcrumb":{"@id":"https:\/\/mobileninja.ca\/device-repair-service\/samsung-repair-service\/#breadcrumb"},"inLanguage":"fr-CA","potentialAction":[{"@type":"ReadAction","target":["https:\/\/mobileninja.ca\/device-repair-service\/samsung-repair-service\/"]}]},{"@type":"ImageObject","inLanguage":"fr-CA","@id":"https:\/\/mobileninja.ca\/device-repair-service\/samsung-repair-service\/#primaryimage","url":"https:\/\/mobileninja.ca\/wp-content\/uploads\/2024\/01\/61uAwNHHgaL._AC_SX679_.jpg","contentUrl":"https:\/\/mobileninja.ca\/wp-content\/uploads\/2024\/01\/61uAwNHHgaL._AC_SX679_.jpg","width":679,"height":863},{"@type":"BreadcrumbList","@id":"https:\/\/mobileninja.ca\/device-repair-service\/samsung-repair-service\/#breadcrumb","itemListElement":[{"@type":"ListItem","position":1,"name":"Home","item":"https:\/\/mobileninja.ca\/"},{"@type":"ListItem","position":2,"name":"Repair Service","item":"https:\/\/mobileninja.ca\/device-repair-service\/"},{"@type":"ListItem","position":3,"name":"Samsung Repair Service"}]},{"@type":"WebSite","@id":"https:\/\/mobileninja.ca\/#website","url":"https:\/\/mobileninja.ca\/","name":"MobileNinja","description":"R\u00e9paration de t\u00e9l\u00e9phones cellulaire","publisher":{"@id":"https:\/\/mobileninja.ca\/#organization"},"potentialAction":[{"@type":"SearchAction","target":{"@type":"EntryPoint","urlTemplate":"https:\/\/mobileninja.ca\/?s={search_term_string}"},"query-input":"required name=search_term_string"}],"inLanguage":"fr-CA"},{"@type":"Organization","@id":"https:\/\/mobileninja.ca\/#organization","name":"MobileNinja Inc.","url":"https:\/\/mobileninja.ca\/","logo":{"@type":"ImageObject","inLanguage":"fr-CA","@id":"https:\/\/mobileninja.ca\/#\/schema\/logo\/image\/","url":"https:\/\/mobileninja.ca\/wp-content\/uploads\/2020\/03\/Artboard-1.svg","contentUrl":"https:\/\/mobileninja.ca\/wp-content\/uploads\/2020\/03\/Artboard-1.svg","width":432,"height":432,"caption":"MobileNinja Inc."},"image":{"@id":"https:\/\/mobileninja.ca\/#\/schema\/logo\/image\/"},"sameAs":["https:\/\/www.facebook.com\/MobileNinjaQC\/","https:\/\/www.instagram.com\/mobileninjaqc\/","https:\/\/www.linkedin.com\/company\/9361912\/","https:\/\/www.youtube.com\/channel\/UCRHHZHMGYKCFUrEi6pN1Cig"]}]}},"_links":{"self":[{"href":"https:\/\/mobileninja.ca\/fr\/wp-json\/wp\/v2\/pages\/93","targetHints":{"allow":["GET"]}}],"collection":[{"href":"https:\/\/mobileninja.ca\/fr\/wp-json\/wp\/v2\/pages"}],"about":[{"href":"https:\/\/mobileninja.ca\/fr\/wp-json\/wp\/v2\/types\/page"}],"author":[{"embeddable":true,"href":"https:\/\/mobileninja.ca\/fr\/wp-json\/wp\/v2\/users\/2"}],"replies":[{"embeddable":true,"href":"https:\/\/mobileninja.ca\/fr\/wp-json\/wp\/v2\/comments?post=93"}],"version-history":[{"count":7,"href":"https:\/\/mobileninja.ca\/fr\/wp-json\/wp\/v2\/pages\/93\/revisions"}],"predecessor-version":[{"id":3041,"href":"https:\/\/mobileninja.ca\/fr\/wp-json\/wp\/v2\/pages\/93\/revisions\/3041"}],"up":[{"embeddable":true,"href":"https:\/\/mobileninja.ca\/fr\/wp-json\/wp\/v2\/pages\/74"}],"wp:featuredmedia":[{"embeddable":true,"href":"https:\/\/mobileninja.ca\/fr\/wp-json\/wp\/v2\/media\/3012"}],"wp:attachment":[{"href":"https:\/\/mobileninja.ca\/fr\/wp-json\/wp\/v2\/media?parent=93"}],"curies":[{"name":"wp","href":"https:\/\/api.w.org\/{rel}","templated":true}]}}